{"id":1880,"date":"2019-04-02T12:46:48","date_gmt":"2019-04-02T10:46:48","guid":{"rendered":"https:\/\/www.biowein.be\/web\/?page_id=1880"},"modified":"2019-04-02T12:57:47","modified_gmt":"2019-04-02T10:57:47","slug":"impressum","status":"publish","type":"page","link":"https:\/\/www.biowein.be\/web\/impressum\/","title":{"rendered":"Impressum"},"content":{"rendered":"<section class=\"wpb-content-wrapper\">[vc_row][vc_column width=&#8221;1\/2&#8243;][vc_column_text]\n<p style=\"text-align: right;\"><strong>Verantwortlicher Herausgeber<\/strong><\/p>\n[\/vc_column_text][\/vc_column][vc_column width=&#8221;1\/2&#8243;][vc_column_text]Jos\u00e9 Breuer<\/p>\n<p>Hasenvenn 59<br \/>\nB &#8211; 4760 B\u00fcllingen<\/p>\n<p>Tel: +32 (0)80\/549 353<\/p>\n<p>info@biowein.be<\/p>\n<p>MwSt.-ID: BE 0755 207 356[\/vc_column_text][\/vc_column][\/vc_row][vc_row][vc_column width=&#8221;1\/2&#8243;][vc_column_text]\n<p style=\"text-align: right;\"><strong>Rechtlicher Hinweis<\/strong><\/p>\n[\/vc_column_text][\/vc_column][vc_column width=&#8221;1\/2&#8243;][vc_column_text]Die Informationen auf dieser Website wurden mit gr\u00f6\u00dftm\u00f6glicher Sorgfalt zusammengestellt. Sie werden st\u00e4ndig gepr\u00fcft und aktualisiert. F\u00fcr die Korrektheit, Aktualit\u00e4t und Vollst\u00e4ndigkeit der enthaltenen Informationen kann dennoch keine Haftung oder Garantie \u00fcbernommen werden. Jegliche Haftung f\u00fcr Sch\u00e4den, die direkt oder indirekt aus Benutzung dieser Website entstehen, wird ausgeschlossen, sofern diese nicht auf Vorsatz oder grober Fahrl\u00e4ssigkeit beruhen. Sofern von dieser Website per Hyperlink auf andere Internetseiten verwiesen wird, die von Dritten betrieben werden, \u00fcbernimmt BIOWEIN.be keine Verantwortung f\u00fcr die Inhalte.<\/p>\n<p>BIOWEIN.be beh\u00e4lt sich das Recht vor, jederzeit \u00c4nderungen und Erg\u00e4nzungen der bereitgestellten Informationen vorzunehmen.<\/p>\n<p>Alle Rechte vorbehalten. Texte und Bilder sowie deren Anordnung auf der BIOWEIN.be \u2013 Website unterliegen dem Schutz des Urheberrechts und anderen Schutzgesetzen. Der Inhalt dieser Website darf nicht zu kommerziellen Zwecken kopiert, verbreitet, ver\u00e4ndert oder Dritten zug\u00e4nglich gemacht werden.<\/p>\n<p>Hasenvenn, April 2019<\/p>\n<hr \/>\n<p><a href=\"https:\/\/www.biowein.be\/web\/datenschutzerklaerung\/\">Datenschutzerkl\u00e4rung &gt;&gt;&gt;<\/a>[\/vc_column_text][\/vc_column][\/vc_row][vc_row][vc_column width=&#8221;1\/2&#8243;][vc_column_text]\n<p style=\"text-align: right;\"><strong>Webdesign &amp; Programmierung<\/strong><\/p>\n[\/vc_column_text][\/vc_column][vc_column width=&#8221;1\/2&#8243;][vc_column_text]Die Designagentur \u2013 Leifgen |\u00a0<a href=\"http:\/\/www.designagentur.be\/\" target=\"_blank\" rel=\"noopener\">www.designagentur.be<\/a>[\/vc_column_text][\/vc_column][\/vc_row][vc_row][vc_column width=&#8221;1\/2&#8243;][vc_column_text]\n<p style=\"text-align: right;\"><strong>Hosting<\/strong><\/p>\n[\/vc_column_text][\/vc_column][vc_column width=&#8221;1\/2&#8243;][vc_column_text]Skyline Network Services AG |\u00a0<a href=\"https:\/\/sns.lu\/\" target=\"_blank\" rel=\"noopener\">sns.lu<\/a>[\/vc_column_text][\/vc_column][\/vc_row]\n<\/section>","protected":false},"excerpt":{"rendered":"<p>[vc_row][vc_column width=&#8221;1\/2&#8243;][vc_column_text] Verantwortlicher Herausgeber [\/vc_column_text][\/vc_column][vc_column width=&#8221;1\/2&#8243;][vc_column_text]Jos\u00e9 Breuer Hasenvenn 59 B &#8211; 4760 B\u00fcllingen Tel: +32 (0)80\/549 353 info@biowein.be MwSt.-ID: BE 0755 207 356[\/vc_column_text][\/vc_column][\/vc_row][vc_row][vc_column width=&#8221;1\/2&#8243;][vc_column_text] Rechtlicher Hinweis [\/vc_column_text][\/vc_column][vc_column width=&#8221;1\/2&#8243;][vc_column_text]Die Informationen auf dieser Website wurden mit gr\u00f6\u00dftm\u00f6glicher Sorgfalt zusammengestellt. Sie werden st\u00e4ndig gepr\u00fcft und aktualisiert. F\u00fcr die Korrektheit, Aktualit\u00e4t und Vollst\u00e4ndigkeit der<\/p>\n","protected":false},"author":1,"featured_media":0,"parent":0,"menu_order":0,"comment_status":"closed","ping_status":"closed","template":"","meta":{"footnotes":""},"class_list":["post-1880","page","type-page","status-publish","hentry"],"_links":{"self":[{"href":"https:\/\/www.biowein.be\/web\/wp-json\/wp\/v2\/pages\/1880","targetHints":{"allow":["GET"]}}],"collection":[{"href":"https:\/\/www.biowein.be\/web\/wp-json\/wp\/v2\/pages"}],"about":[{"href":"https:\/\/www.biowein.be\/web\/wp-json\/wp\/v2\/types\/page"}],"author":[{"embeddable":true,"href":"https:\/\/www.biowein.be\/web\/wp-json\/wp\/v2\/users\/1"}],"replies":[{"embeddable":true,"href":"https:\/\/www.biowein.be\/web\/wp-json\/wp\/v2\/comments?post=1880"}],"version-history":[{"count":4,"href":"https:\/\/www.biowein.be\/web\/wp-json\/wp\/v2\/pages\/1880\/revisions"}],"predecessor-version":[{"id":1884,"href":"https:\/\/www.biowein.be\/web\/wp-json\/wp\/v2\/pages\/1880\/revisions\/1884"}],"wp:attachment":[{"href":"https:\/\/www.biowein.be\/web\/wp-json\/wp\/v2\/media?parent=1880"}],"curies":[{"name":"wp","href":"https:\/\/api.w.org\/{rel}","templated":true}]}}