{"id":2048,"date":"2019-08-26T12:43:11","date_gmt":"2019-08-26T10:43:11","guid":{"rendered":"https:\/\/www.biowein.be\/web\/?page_id=2048"},"modified":"2019-10-11T15:00:57","modified_gmt":"2019-10-11T13:00:57","slug":"priorat","status":"publish","type":"page","link":"https:\/\/www.biowein.be\/web\/weingueter\/spanien\/priorat\/","title":{"rendered":"Priorat"},"content":{"rendered":"<section class=\"wpb-content-wrapper\">[vc_row full_width=&#8221;stretch_row&#8221; css=&#8221;.vc_custom_1557136431190{margin-bottom: 60px !important;}&#8221;][vc_column][vc_tta_accordion active_section=&#8221;0&#8243;][vc_tta_section title=&#8221;Celler Burgos Porta &#8211; Mas Sinen&#8221; tab_id=&#8221;celler_burgos_porta-mas_sinen&#8221;][vc_column_text]<strong>Priorat-Spanien<\/strong><\/p>\n<p><strong>Conxita und Salvado<br \/>\n<\/strong><\/p>\n<p><img loading=\"lazy\" decoding=\"async\" class=\"alignnone wp-image-2049 size-full\" src=\"https:\/\/www.biowein.be\/web\/wp-content\/uploads\/2019\/08\/biowein-weingueter-celller_burgos_porta01.jpg\" alt=\"\" width=\"353\" height=\"120\" srcset=\"https:\/\/www.biowein.be\/web\/wp-content\/uploads\/2019\/08\/biowein-weingueter-celller_burgos_porta01.jpg 353w, https:\/\/www.biowein.be\/web\/wp-content\/uploads\/2019\/08\/biowein-weingueter-celller_burgos_porta01-300x102.jpg 300w, https:\/\/www.biowein.be\/web\/wp-content\/uploads\/2019\/08\/biowein-weingueter-celller_burgos_porta01-150x51.jpg 150w\" sizes=\"auto, (max-width: 353px) 100vw, 353px\" \/><\/p>\n<p>Salvador Burgas-Porta leitete lange Zeit die Kooperative von Poboleda im Priorat, bevor er sich den Traum vom eigenen Weingut erf\u00fcllte. Gemeinsam mit seiner Frau Conxita gr\u00fcndet er \u00ab\u00a0Mas Sinen\u00a0\u00bb in sch\u00f6nster Lage. In einer Amphitheater \u00e4hnlichen Landschaft sind die renommierten Schieferb\u00f6den des Priorats allgegenw\u00e4rtig und die Weinberge terrassenf\u00f6rmig auf dem sehr kargen Untergrund angelegt. Im kleinen Keller, unterhalb vom Verkostungsraum, g\u00e4ren seine Moste, bevor sie, ohne Einsatz von einer Pumpe per Schwerkraft in Barriquef\u00e4ssern, Amphoren und eif\u00f6rmigen Gef\u00e4\u00dfen weitergeleitet werden. Diese befinden sich im unterirdischen Keller, der auch f\u00fcr die Flaschenreifung genutzt wird. Priorat at his best, sehr empfehlenswerte Qualit\u00e4ten aus \u00fcberwiegend alten Grenache- und Carignan-Trauben, gekeltert durch ein Poeten des Priorats.<\/p>\n<p><img loading=\"lazy\" decoding=\"async\" class=\"alignnone size-full wp-image-2051\" src=\"https:\/\/www.biowein.be\/web\/wp-content\/uploads\/2019\/08\/biowein-weingueter-celller_burgos_porta02.jpg\" alt=\"\" width=\"324\" height=\"243\" srcset=\"https:\/\/www.biowein.be\/web\/wp-content\/uploads\/2019\/08\/biowein-weingueter-celller_burgos_porta02.jpg 324w, https:\/\/www.biowein.be\/web\/wp-content\/uploads\/2019\/08\/biowein-weingueter-celller_burgos_porta02-300x225.jpg 300w, https:\/\/www.biowein.be\/web\/wp-content\/uploads\/2019\/08\/biowein-weingueter-celller_burgos_porta02-150x113.jpg 150w\" sizes=\"auto, (max-width: 324px) 100vw, 324px\" \/>[\/vc_column_text][vc_separator css=&#8221;.vc_custom_1570798756373{margin-top: 0px !important;margin-bottom: 0px !important;padding-top: 20px !important;padding-bottom: 20px !important;}&#8221;]<div class=\"category_products product-grid\"><div class=\"woocommerce columns-6 \"><div class=\"shop-products row grid-view\"><div class=\" item-col col-12 col-full-hd col-md-2 has-product-bg post-845 product type-product status-publish has-post-thumbnail product_cat-celler-burgos-porta-mas-sinen product_cat-news01 product_cat-priorat product_cat-probierpakete-03-f product_cat-spanien product_cat-weiss first instock shipping-taxable purchasable product-type-simple\">\n\t<div class=\"product-wrapper gridview\">\n\t\t<div class=\"list-col4\">\n\t\t\t<div class=\"product-image\">\n\t\t\t\t<a href=\"https:\/\/www.biowein.be\/web\/product\/mas-sinen-le-petit-mas-2013\/\" class=\"woocommerce-LoopProduct-link woocommerce-loop-product__link\">\t\t\t\t<img loading=\"lazy\" decoding=\"async\" width=\"300\" height=\"300\" src=\"https:\/\/www.biowein.be\/web\/wp-content\/uploads\/2018\/11\/biowein-be-0044-mas_sinen-le_petit_mas_2013-300x300.jpg\" class=\"attachment-woocommerce_thumbnail size-woocommerce_thumbnail\" alt=\"Mas Sinen: La Vall 2017\" srcset=\"https:\/\/www.biowein.be\/web\/wp-content\/uploads\/2018\/11\/biowein-be-0044-mas_sinen-le_petit_mas_2013-300x300.jpg 300w, https:\/\/www.biowein.be\/web\/wp-content\/uploads\/2018\/11\/biowein-be-0044-mas_sinen-le_petit_mas_2013-150x150.jpg 150w\" sizes=\"auto, (max-width: 300px) 100vw, 300px\" \/>\t\t\t\t<\/a>\t\t\t\t<div class=\"count-down\">\n\t\t\t\t\t\t\t\t\t\t\t\t\t\t<\/div>\n\t\t\t\t<div class=\"product-button\">\n\t\t\t\t\t<ul class=\"actions\">\n\t\t\t\t\t\t<li class=\"add-to-wishlist\"> \n\t\t\t\t\t\t\t\t\t\t\t\t\t<\/li>\n\t\t\t\t\t\t<li class=\"add-to-compare\">\n\t\t\t\t\t\t\t\t<div class=\"woocommerce product compare-button\">\r\n\t\t\t<a\r\n\t\thref=\"https:\/\/www.biowein.be\/web?action=yith-woocompare-add-product&#038;id=845\"\r\n\t\tclass=\"compare button  \"\r\n\t\tdata-product_id=\"845\"\r\n\t\ttarget=\"_self\"\r\n\t\trel=\"nofollow\"\r\n\t>\r\n\t\t\t\t<span class=\"label\">\r\n\t\t\tCompare\t\t<\/span>\r\n\t<\/a>\r\n\r\n\t<\/div>\t\t\t\t\t\t<\/li>\n\t\t\t\t\t\t<li class=\"quickviewbtn\">\n\t\t\t\t\t\t\t<a class=\"detail-link quickview fa fa-external-link\" data-quick-id=\"845\" href=\"https:\/\/www.biowein.be\/web\/product\/mas-sinen-le-petit-mas-2013\/\" title=\"Mas Sinen: La Vall 2017\">Quick View<\/a>\n\t\t\t\t\t\t<\/li>\n\t\t\t\t\t<\/ul>\n\t\t\t\t<\/div>\n\t\t\t<\/div>\n\t\t<\/div>\n\t\t<div class=\"list-col8\">\n\t\t\t<div class=\"product-name\">\n\t\t\t\t<h2 class=\"woocommerce-loop-product__title\">Mas Sinen: La Vall 2017<\/h2>\t\t\t\t<a href=\"https:\/\/www.biowein.be\/web\/product\/mas-sinen-le-petit-mas-2013\/\">Mas Sinen: La Vall 2017<\/a>\n\t\t\t<\/div>\n\t\t\t\t\t\t<!-- hook rating -->\n\t\t\t\t\t\t\t<div class=\"price-box\">\n\t\t\t\t\t<div class=\"price-box-inner\">\n\t\t\t\t\t\t<span class=\"woocommerce-Price-amount amount\"><bdi>26.40<span class=\"woocommerce-Price-currencySymbol\">&euro;<\/span><\/bdi><\/span>\t\t\t\t\t<\/div>\n\t\t\t\t<\/div>\n\t\t\t\t\t\t<!-- end price -->\n\t\t\t<div class=\"add-to-cart\">\n\t\t\t\t<p class=\"product woocommerce add_to_cart_inline \" style=\"border:4px solid #ccc; padding: 12px;\"><span class=\"woocommerce-Price-amount amount\"><bdi>26.40<span class=\"woocommerce-Price-currencySymbol\">&euro;<\/span><\/bdi><\/span><a href=\"\/web\/wp-json\/wp\/v2\/pages\/2048?add-to-cart=845\" aria-describedby=\"woocommerce_loop_add_to_cart_link_describedby_845\" data-quantity=\"1\" class=\"button product_type_simple add_to_cart_button ajax_add_to_cart\" data-product_id=\"845\" data-product_sku=\"\" aria-label=\"In den Warenkorb legen: \u201eMas Sinen: La Vall 2017\u201c\" rel=\"nofollow\" data-success_message=\"\u201eMas Sinen: La Vall 2017\u201c wurde deinem Warenkorb hinzugef\u00fcgt\" role=\"button\">In den Warenkorb<\/a>\t<span id=\"woocommerce_loop_add_to_cart_link_describedby_845\" class=\"screen-reader-text\">\n\t\t\t<\/span>\n<\/p>\t\t\t<\/div>\n\t\t<\/div>\n\t<\/div>\n\t<div class=\"product-wrapper listview\">\n\t\t<div class=\"row\">\n\t\t\t<div class=\"list-col4 \">\n\t\t\t\t<div class=\"product-image\">\n\t\t\t\t\t<a href=\"https:\/\/www.biowein.be\/web\/product\/mas-sinen-le-petit-mas-2013\/\" class=\"woocommerce-LoopProduct-link woocommerce-loop-product__link\">\t\t\t\t\t<img loading=\"lazy\" decoding=\"async\" width=\"300\" height=\"300\" src=\"https:\/\/www.biowein.be\/web\/wp-content\/uploads\/2018\/11\/biowein-be-0044-mas_sinen-le_petit_mas_2013-300x300.jpg\" class=\"attachment-woocommerce_thumbnail size-woocommerce_thumbnail\" alt=\"Mas Sinen: La Vall 2017\" srcset=\"https:\/\/www.biowein.be\/web\/wp-content\/uploads\/2018\/11\/biowein-be-0044-mas_sinen-le_petit_mas_2013-300x300.jpg 300w, https:\/\/www.biowein.be\/web\/wp-content\/uploads\/2018\/11\/biowein-be-0044-mas_sinen-le_petit_mas_2013-150x150.jpg 150w\" sizes=\"auto, (max-width: 300px) 100vw, 300px\" \/>\t\t\t\t\t<\/a>\t\t\t\t<\/div>\n\t\t\t<\/div>\n\t\t\t<div class=\"list-col8 \">\n\t\t\t\t<div class=\"product-category\">\n\t\t\t\t\t<a href=\"https:\/\/www.biowein.be\/web\/product-category\/weingut\/celler-burgos-porta-mas-sinen\/\" rel=\"tag\">Celler Burgos Porta - Mas Sinen<\/a>, <a href=\"https:\/\/www.biowein.be\/web\/product-category\/news01\/\" rel=\"tag\">News01<\/a>, <a href=\"https:\/\/www.biowein.be\/web\/product-category\/region\/priorat\/\" rel=\"tag\">Priorat<\/a>, <a href=\"https:\/\/www.biowein.be\/web\/product-category\/probierpakete-03-f\/\" rel=\"tag\">Probierpakete-03-F<\/a>, <a href=\"https:\/\/www.biowein.be\/web\/product-category\/land\/spanien\/\" rel=\"tag\">Spanien<\/a>, <a href=\"https:\/\/www.biowein.be\/web\/product-category\/farbe\/weiss\/\" rel=\"tag\">Wei\u00df<\/a>\t\t\t\t<\/div>\n\t\t\t\t<div class=\"product-name\">\n\t\t\t\t\t<h2 class=\"woocommerce-loop-product__title\">Mas Sinen: La Vall 2017<\/h2>\t\t\t\t\t<a href=\"https:\/\/www.biowein.be\/web\/product\/mas-sinen-le-petit-mas-2013\/\">Mas Sinen: La Vall 2017<\/a>\n\t\t\t\t<\/div>\n\t\t\t\t\t\t\t\t<!-- hook rating -->\n\t\t\t\t\t\t\t\t\t<div class=\"price-box\">\n\t\t\t\t\t\t<div class=\"price-box-inner\">\n\t\t\t\t\t\t\t<span class=\"woocommerce-Price-amount amount\"><bdi>26.40<span class=\"woocommerce-Price-currencySymbol\">&euro;<\/span><\/bdi><\/span>\t\t\t\t\t\t<\/div>\n\t\t\t\t\t<\/div>\n\t\t\t\t\t\t\t\t<!-- end price -->\n\t\t\t\t\t\t\t\t\t<div class=\"product-desc\">\n\t\t\t\t\t\t<p><u>Anbaugebiet<\/u> : Priorat (Andalusien, westlich von Tarragona)<\/p>\n<p><u>Rebsorten<\/u> : 35 % Grenache, 25 % Carignan, 9 % Syrah, 25 % Cabernet-Sauvignon und 6 % Merlot. J\u00e4hrliche Produktion von +- 5300 Flaschen.<\/p>\n<p><u>Kelterung<\/u> : Spontane Verg\u00e4rung im Edelstahltank und 6 Monate Ausbau in gebrauchten franz\u00f6sischen Barriquef\u00e4ssern. Kl\u00e4rung mit Eiwei\u00df, leichte Filterung vor der Abf\u00fcllung.<\/p>\n<p><u>Boden<\/u> : tiefer grauer Schieferboden mit sehr wenig organischer Masse in einer unber\u00fchrten Natur. Die Weinberge befinden sich an Steilh\u00e4ngen, die wie ein Amphitheater auf einer H\u00f6he von 300 bis 500 Meter um den Weinkeller liegen.<\/p>\n<p><u>Beschreibung<\/u> : Lebendige zinnoberrote Farbe. Frische Aromen nach reifen, schwarzen und roten Fr\u00fcchten, mit Noten von Anis und mediterranen Waldkr\u00e4utern. Sehr lebendiger mittelkr\u00e4ftiger und eleganter Wein mit einer delikaten Tanninstruktur.<\/p>\n<p><u>Passt zu<\/u> : Kleinwild, Lamm- und Rindfleisch, auch Gefl\u00fcgel (lang im Ofen geschmort z.B. mit Wurzelgem\u00fcse)<\/p>\n<div id=\"sconnect-is-installed\" style=\"display: none;\">2.15.0.0<\/div>\n<div id=\"ConnectiveDocSignExtentionInstalled\" data-extension-version=\"1.0.4\"><\/div>\n\t\t\t\t\t<\/div>\n\t\t\t\t\t\t\t\t<!-- end desc -->\n\t\t\t\t<div class=\"product-button\">\n\t\t\t\t\t<div class=\"add-to-cart\">\n\t\t\t\t\t\t<p class=\"product woocommerce add_to_cart_inline \" style=\"border:4px solid #ccc; padding: 12px;\"><span class=\"woocommerce-Price-amount amount\"><bdi>26.40<span class=\"woocommerce-Price-currencySymbol\">&euro;<\/span><\/bdi><\/span><a href=\"\/web\/wp-json\/wp\/v2\/pages\/2048?add-to-cart=845\" aria-describedby=\"woocommerce_loop_add_to_cart_link_describedby_845\" data-quantity=\"1\" class=\"button product_type_simple add_to_cart_button ajax_add_to_cart\" data-product_id=\"845\" data-product_sku=\"\" aria-label=\"In den Warenkorb legen: \u201eMas Sinen: La Vall 2017\u201c\" rel=\"nofollow\" data-success_message=\"\u201eMas Sinen: La Vall 2017\u201c wurde deinem Warenkorb hinzugef\u00fcgt\" role=\"button\">In den Warenkorb<\/a>\t<span id=\"woocommerce_loop_add_to_cart_link_describedby_845\" class=\"screen-reader-text\">\n\t\t\t<\/span>\n<\/p>\t\t\t\t\t<\/div>\n\t\t\t\t\t<ul class=\"actions\">\n\t\t\t\t\t\t<li class=\"add-to-wishlist\"> \n\t\t\t\t\t\t\t\t\t\t\t\t\t<\/li>\n\t\t\t\t\t\t<li class=\"add-to-compare\">\n\t\t\t\t\t\t\t\t<div class=\"woocommerce product compare-button\">\r\n\t\t\t<a\r\n\t\thref=\"https:\/\/www.biowein.be\/web?action=yith-woocompare-add-product&#038;id=845\"\r\n\t\tclass=\"compare button  \"\r\n\t\tdata-product_id=\"845\"\r\n\t\ttarget=\"_self\"\r\n\t\trel=\"nofollow\"\r\n\t>\r\n\t\t\t\t<span class=\"label\">\r\n\t\t\tCompare\t\t<\/span>\r\n\t<\/a>\r\n\r\n\t<\/div>\t\t\t\t\t\t<\/li>\n\t\t\t\t\t\t<li class=\"quickviewbtn\">\n\t\t\t\t\t\t\t<a class=\"detail-link quickview fa fa-external-link\" data-quick-id=\"845\" href=\"https:\/\/www.biowein.be\/web\/product\/mas-sinen-le-petit-mas-2013\/\" title=\"Mas Sinen: La Vall 2017\">Quick View<\/a>\n\t\t\t\t\t\t<\/li>\n\t\t\t\t\t<\/ul>\n\t\t\t\t<\/div>\n\t\t\t<\/div>\n\t\t<\/div>\n\t<\/div>\n<\/div>\n<div class=\" item-col col-12 col-full-hd col-md-2 has-product-bg post-844 product type-product status-publish has-post-thumbnail product_cat-celler-burgos-porta-mas-sinen product_cat-priorat product_cat-rot product_cat-spanien  instock shipping-taxable purchasable product-type-simple\">\n\t<div class=\"product-wrapper gridview\">\n\t\t<div class=\"list-col4\">\n\t\t\t<div class=\"product-image\">\n\t\t\t\t<a href=\"https:\/\/www.biowein.be\/web\/product\/mas-sinen-negre\/\" class=\"woocommerce-LoopProduct-link woocommerce-loop-product__link\">\t\t\t\t<img loading=\"lazy\" decoding=\"async\" width=\"300\" height=\"300\" src=\"https:\/\/www.biowein.be\/web\/wp-content\/uploads\/2018\/11\/biowein-be-0046-mas_sinen-negre-300x300.jpg\" class=\"attachment-woocommerce_thumbnail size-woocommerce_thumbnail\" alt=\"Mas Sinen: Negre 2007\" srcset=\"https:\/\/www.biowein.be\/web\/wp-content\/uploads\/2018\/11\/biowein-be-0046-mas_sinen-negre-300x300.jpg 300w, https:\/\/www.biowein.be\/web\/wp-content\/uploads\/2018\/11\/biowein-be-0046-mas_sinen-negre-150x150.jpg 150w\" sizes=\"auto, (max-width: 300px) 100vw, 300px\" \/>\t\t\t\t<\/a>\t\t\t\t<div class=\"count-down\">\n\t\t\t\t\t\t\t\t\t\t\t\t\t\t<\/div>\n\t\t\t\t<div class=\"product-button\">\n\t\t\t\t\t<ul class=\"actions\">\n\t\t\t\t\t\t<li class=\"add-to-wishlist\"> \n\t\t\t\t\t\t\t\t\t\t\t\t\t<\/li>\n\t\t\t\t\t\t<li class=\"add-to-compare\">\n\t\t\t\t\t\t\t\t<div class=\"woocommerce product compare-button\">\r\n\t\t\t<a\r\n\t\thref=\"https:\/\/www.biowein.be\/web?action=yith-woocompare-add-product&#038;id=844\"\r\n\t\tclass=\"compare button  \"\r\n\t\tdata-product_id=\"844\"\r\n\t\ttarget=\"_self\"\r\n\t\trel=\"nofollow\"\r\n\t>\r\n\t\t\t\t<span class=\"label\">\r\n\t\t\tCompare\t\t<\/span>\r\n\t<\/a>\r\n\r\n\t<\/div>\t\t\t\t\t\t<\/li>\n\t\t\t\t\t\t<li class=\"quickviewbtn\">\n\t\t\t\t\t\t\t<a class=\"detail-link quickview fa fa-external-link\" data-quick-id=\"844\" href=\"https:\/\/www.biowein.be\/web\/product\/mas-sinen-negre\/\" title=\"Mas Sinen: Negre 2007\">Quick View<\/a>\n\t\t\t\t\t\t<\/li>\n\t\t\t\t\t<\/ul>\n\t\t\t\t<\/div>\n\t\t\t<\/div>\n\t\t<\/div>\n\t\t<div class=\"list-col8\">\n\t\t\t<div class=\"product-name\">\n\t\t\t\t<h2 class=\"woocommerce-loop-product__title\">Mas Sinen: Negre 2007<\/h2>\t\t\t\t<a href=\"https:\/\/www.biowein.be\/web\/product\/mas-sinen-negre\/\">Mas Sinen: Negre 2007<\/a>\n\t\t\t<\/div>\n\t\t\t\t\t\t<!-- hook rating -->\n\t\t\t\t\t\t\t<div class=\"price-box\">\n\t\t\t\t\t<div class=\"price-box-inner\">\n\t\t\t\t\t\t<span class=\"woocommerce-Price-amount amount\"><bdi>33.80<span class=\"woocommerce-Price-currencySymbol\">&euro;<\/span><\/bdi><\/span>\t\t\t\t\t<\/div>\n\t\t\t\t<\/div>\n\t\t\t\t\t\t<!-- end price -->\n\t\t\t<div class=\"add-to-cart\">\n\t\t\t\t<p class=\"product woocommerce add_to_cart_inline \" style=\"border:4px solid #ccc; padding: 12px;\"><span class=\"woocommerce-Price-amount amount\"><bdi>33.80<span class=\"woocommerce-Price-currencySymbol\">&euro;<\/span><\/bdi><\/span><a href=\"\/web\/wp-json\/wp\/v2\/pages\/2048?add-to-cart=844\" aria-describedby=\"woocommerce_loop_add_to_cart_link_describedby_844\" data-quantity=\"1\" class=\"button product_type_simple add_to_cart_button ajax_add_to_cart\" data-product_id=\"844\" data-product_sku=\"\" aria-label=\"In den Warenkorb legen: \u201eMas Sinen: Negre 2007\u201c\" rel=\"nofollow\" data-success_message=\"\u201eMas Sinen: Negre 2007\u201c wurde deinem Warenkorb hinzugef\u00fcgt\" role=\"button\">In den Warenkorb<\/a>\t<span id=\"woocommerce_loop_add_to_cart_link_describedby_844\" class=\"screen-reader-text\">\n\t\t\t<\/span>\n<\/p>\t\t\t<\/div>\n\t\t<\/div>\n\t<\/div>\n\t<div class=\"product-wrapper listview\">\n\t\t<div class=\"row\">\n\t\t\t<div class=\"list-col4 \">\n\t\t\t\t<div class=\"product-image\">\n\t\t\t\t\t<a href=\"https:\/\/www.biowein.be\/web\/product\/mas-sinen-negre\/\" class=\"woocommerce-LoopProduct-link woocommerce-loop-product__link\">\t\t\t\t\t<img loading=\"lazy\" decoding=\"async\" width=\"300\" height=\"300\" src=\"https:\/\/www.biowein.be\/web\/wp-content\/uploads\/2018\/11\/biowein-be-0046-mas_sinen-negre-300x300.jpg\" class=\"attachment-woocommerce_thumbnail size-woocommerce_thumbnail\" alt=\"Mas Sinen: Negre 2007\" srcset=\"https:\/\/www.biowein.be\/web\/wp-content\/uploads\/2018\/11\/biowein-be-0046-mas_sinen-negre-300x300.jpg 300w, https:\/\/www.biowein.be\/web\/wp-content\/uploads\/2018\/11\/biowein-be-0046-mas_sinen-negre-150x150.jpg 150w\" sizes=\"auto, (max-width: 300px) 100vw, 300px\" \/>\t\t\t\t\t<\/a>\t\t\t\t<\/div>\n\t\t\t<\/div>\n\t\t\t<div class=\"list-col8 \">\n\t\t\t\t<div class=\"product-category\">\n\t\t\t\t\t<a href=\"https:\/\/www.biowein.be\/web\/product-category\/weingut\/celler-burgos-porta-mas-sinen\/\" rel=\"tag\">Celler Burgos Porta - Mas Sinen<\/a>, <a href=\"https:\/\/www.biowein.be\/web\/product-category\/region\/priorat\/\" rel=\"tag\">Priorat<\/a>, <a href=\"https:\/\/www.biowein.be\/web\/product-category\/farbe\/rot\/\" rel=\"tag\">Rot<\/a>, <a href=\"https:\/\/www.biowein.be\/web\/product-category\/land\/spanien\/\" rel=\"tag\">Spanien<\/a>\t\t\t\t<\/div>\n\t\t\t\t<div class=\"product-name\">\n\t\t\t\t\t<h2 class=\"woocommerce-loop-product__title\">Mas Sinen: Negre 2007<\/h2>\t\t\t\t\t<a href=\"https:\/\/www.biowein.be\/web\/product\/mas-sinen-negre\/\">Mas Sinen: Negre 2007<\/a>\n\t\t\t\t<\/div>\n\t\t\t\t\t\t\t\t<!-- hook rating -->\n\t\t\t\t\t\t\t\t\t<div class=\"price-box\">\n\t\t\t\t\t\t<div class=\"price-box-inner\">\n\t\t\t\t\t\t\t<span class=\"woocommerce-Price-amount amount\"><bdi>33.80<span class=\"woocommerce-Price-currencySymbol\">&euro;<\/span><\/bdi><\/span>\t\t\t\t\t\t<\/div>\n\t\t\t\t\t<\/div>\n\t\t\t\t\t\t\t\t<!-- end price -->\n\t\t\t\t\t\t\t\t\t<div class=\"product-desc\">\n\t\t\t\t\t\t<p><u>Anbaugebiet<\/u> : Priorat (Andalusien, westlich von Tarragona)<\/p>\n<p><u>Rebsorten<\/u> : 40 % Grenache, 23 % Carignan, 20 % Cabernet-Sauvignon und 17 % Syrah. J\u00e4hrliche Produktion von +- 7200 Flaschen.<\/p>\n<p><u>Kelterung<\/u> : Spontane Verg\u00e4rung im Edelstahltank und 12 Monate Ausbau in gebrauchten franz\u00f6sischen Barriquef\u00e4ssern. Kl\u00e4rung mit Eiwei\u00df, leichte Filterung vor der Abf\u00fcllung.<\/p>\n<p><u>Boden<\/u> : tiefer grauer Schieferboden mit sehr wenig organischer Masse in einer unber\u00fchrten Natur. Die Weinberge befinden sich an Steilh\u00e4ngen, die wie ein Amphitheater auf einer H\u00f6he von 300 bis 500 Meter um den Weinkeller liegen.<\/p>\n<p><u>Beschreibung<\/u> : Ein Wein, den man am fr\u00fchen Vormittag dekantieren soll um ihn abends zu geniessen.<\/p>\n<p>Leuchtende Kirschfarben. Klare mediterrane Ger\u00fcche nach Sommerwald, schwarze Beeren, Tabak, Leder, eingelegte Pflaumen und Zitrus.<\/p>\n<p>Tiefgr\u00fcndiger reichhaltiger Wein, fruchtig mit einer gut integrierten pr\u00e4senten S\u00e4ure, umgarnt von einer geschmeidigen Tanninstruktur.<\/p>\n<p><u>Passt zu<\/u> : Rindersteak z.B. mit Morillen, Ente mit s\u00fc\u00dfer Komponente. Weichk\u00e4se wie Camembert, Chaource, Brie.<\/p>\n\t\t\t\t\t<\/div>\n\t\t\t\t\t\t\t\t<!-- end desc -->\n\t\t\t\t<div class=\"product-button\">\n\t\t\t\t\t<div class=\"add-to-cart\">\n\t\t\t\t\t\t<p class=\"product woocommerce add_to_cart_inline \" style=\"border:4px solid #ccc; padding: 12px;\"><span class=\"woocommerce-Price-amount amount\"><bdi>33.80<span class=\"woocommerce-Price-currencySymbol\">&euro;<\/span><\/bdi><\/span><a href=\"\/web\/wp-json\/wp\/v2\/pages\/2048?add-to-cart=844\" aria-describedby=\"woocommerce_loop_add_to_cart_link_describedby_844\" data-quantity=\"1\" class=\"button product_type_simple add_to_cart_button ajax_add_to_cart\" data-product_id=\"844\" data-product_sku=\"\" aria-label=\"In den Warenkorb legen: \u201eMas Sinen: Negre 2007\u201c\" rel=\"nofollow\" data-success_message=\"\u201eMas Sinen: Negre 2007\u201c wurde deinem Warenkorb hinzugef\u00fcgt\" role=\"button\">In den Warenkorb<\/a>\t<span id=\"woocommerce_loop_add_to_cart_link_describedby_844\" class=\"screen-reader-text\">\n\t\t\t<\/span>\n<\/p>\t\t\t\t\t<\/div>\n\t\t\t\t\t<ul class=\"actions\">\n\t\t\t\t\t\t<li class=\"add-to-wishlist\"> \n\t\t\t\t\t\t\t\t\t\t\t\t\t<\/li>\n\t\t\t\t\t\t<li class=\"add-to-compare\">\n\t\t\t\t\t\t\t\t<div class=\"woocommerce product compare-button\">\r\n\t\t\t<a\r\n\t\thref=\"https:\/\/www.biowein.be\/web?action=yith-woocompare-add-product&#038;id=844\"\r\n\t\tclass=\"compare button  \"\r\n\t\tdata-product_id=\"844\"\r\n\t\ttarget=\"_self\"\r\n\t\trel=\"nofollow\"\r\n\t>\r\n\t\t\t\t<span class=\"label\">\r\n\t\t\tCompare\t\t<\/span>\r\n\t<\/a>\r\n\r\n\t<\/div>\t\t\t\t\t\t<\/li>\n\t\t\t\t\t\t<li class=\"quickviewbtn\">\n\t\t\t\t\t\t\t<a class=\"detail-link quickview fa fa-external-link\" data-quick-id=\"844\" href=\"https:\/\/www.biowein.be\/web\/product\/mas-sinen-negre\/\" title=\"Mas Sinen: Negre 2007\">Quick View<\/a>\n\t\t\t\t\t\t<\/li>\n\t\t\t\t\t<\/ul>\n\t\t\t\t<\/div>\n\t\t\t<\/div>\n\t\t<\/div>\n\t<\/div>\n<\/div>\n<\/div><\/div><\/div>[\/vc_tta_section][\/vc_tta_accordion][\/vc_column][\/vc_row][vc_row][vc_column][vc_empty_space height=&#8221;100px&#8221;][\/vc_column][\/vc_row]\n<\/section>","protected":false},"excerpt":{"rendered":"<p>[vc_row full_width=&#8221;stretch_row&#8221; css=&#8221;.vc_custom_1557136431190{margin-bottom: 60px !important;}&#8221;][vc_column][vc_tta_accordion active_section=&#8221;0&#8243;][vc_tta_section title=&#8221;Celler Burgos Porta &#8211; Mas Sinen&#8221; tab_id=&#8221;celler_burgos_porta-mas_sinen&#8221;][vc_column_text]Priorat-Spanien Conxita und Salvado Salvador Burgas-Porta leitete lange Zeit die Kooperative von Poboleda im Priorat, bevor er sich den Traum vom eigenen Weingut erf\u00fcllte. Gemeinsam mit seiner Frau Conxita gr\u00fcndet er \u00ab\u00a0Mas Sinen\u00a0\u00bb in sch\u00f6nster Lage. In einer<\/p>\n","protected":false},"author":1,"featured_media":0,"parent":2046,"menu_order":0,"comment_status":"closed","ping_status":"closed","template":"","meta":{"footnotes":""},"class_list":["post-2048","page","type-page","status-publish","hentry"],"_links":{"self":[{"href":"https:\/\/www.biowein.be\/web\/wp-json\/wp\/v2\/pages\/2048","targetHints":{"allow":["GET"]}}],"collection":[{"href":"https:\/\/www.biowein.be\/web\/wp-json\/wp\/v2\/pages"}],"about":[{"href":"https:\/\/www.biowein.be\/web\/wp-json\/wp\/v2\/types\/page"}],"author":[{"embeddable":true,"href":"https:\/\/www.biowein.be\/web\/wp-json\/wp\/v2\/users\/1"}],"replies":[{"embeddable":true,"href":"https:\/\/www.biowein.be\/web\/wp-json\/wp\/v2\/comments?post=2048"}],"version-history":[{"count":9,"href":"https:\/\/www.biowein.be\/web\/wp-json\/wp\/v2\/pages\/2048\/revisions"}],"predecessor-version":[{"id":2192,"href":"https:\/\/www.biowein.be\/web\/wp-json\/wp\/v2\/pages\/2048\/revisions\/2192"}],"up":[{"embeddable":true,"href":"https:\/\/www.biowein.be\/web\/wp-json\/wp\/v2\/pages\/2046"}],"wp:attachment":[{"href":"https:\/\/www.biowein.be\/web\/wp-json\/wp\/v2\/media?parent=2048"}],"curies":[{"name":"wp","href":"https:\/\/api.w.org\/{rel}","templated":true}]}}