{"id":2054,"date":"2019-08-26T12:45:34","date_gmt":"2019-08-26T10:45:34","guid":{"rendered":"https:\/\/www.biowein.be\/web\/?page_id=2054"},"modified":"2019-10-11T15:02:04","modified_gmt":"2019-10-11T13:02:04","slug":"rioja","status":"publish","type":"page","link":"https:\/\/www.biowein.be\/web\/weingueter\/spanien\/rioja\/","title":{"rendered":"Rioja"},"content":{"rendered":"<section class=\"wpb-content-wrapper\">[vc_row full_width=&#8221;stretch_row&#8221; css=&#8221;.vc_custom_1557136431190{margin-bottom: 60px !important;}&#8221;][vc_column][vc_tta_accordion active_section=&#8221;0&#8243;][vc_tta_section title=&#8221;Bodegas Ramon Saenz&#8221; tab_id=&#8221;bodegas_ramon_saenz&#8221;][vc_column_text]<strong>Rioja Alavesa<\/strong><\/p>\n<p><strong>\u00a0<\/strong>Auf dem \u00fcber 100 Jahre altem Weingut Ramon Saenz werden die Weine traditionsgerecht hergestellt. Aus tiefer \u00dcberzeugung bem\u00fchen sich hier 2 Generationen die Arbeitsweise von Gro\u00dfvater Ces\u00e1reo aufrecht zu halten. Sie tun dies mit Erfolg. Auf 10 Hektar wird auch hier vorwiegend die Tempranillo-Traube geerntet, aber auch Viuran, Garnache und Graciano sind Teil ihrer Produktion. Das Ziel dieses dynamischen Familienbetriebes ist die Herstellung von Qualit\u00e4tsweinen, was nur mit gesunden Trauben m\u00f6glich ist. Gesunde Trauben sind das Resultat von respektvollem Umgang mit Boden und Umwelt, so der Juniorwinzer vom Weingut Ramon Saenz.<\/p>\n<p><img loading=\"lazy\" decoding=\"async\" class=\"alignnone size-full wp-image-2055\" src=\"https:\/\/www.biowein.be\/web\/wp-content\/uploads\/2019\/08\/biowein-weingueter-bodegas_ramon_saenz01.jpg\" alt=\"\" width=\"335\" height=\"268\" srcset=\"https:\/\/www.biowein.be\/web\/wp-content\/uploads\/2019\/08\/biowein-weingueter-bodegas_ramon_saenz01.jpg 335w, https:\/\/www.biowein.be\/web\/wp-content\/uploads\/2019\/08\/biowein-weingueter-bodegas_ramon_saenz01-300x240.jpg 300w, https:\/\/www.biowein.be\/web\/wp-content\/uploads\/2019\/08\/biowein-weingueter-bodegas_ramon_saenz01-150x120.jpg 150w\" sizes=\"auto, (max-width: 335px) 100vw, 335px\" \/><\/p>\n<p><img loading=\"lazy\" decoding=\"async\" class=\"alignnone size-full wp-image-2057\" src=\"https:\/\/www.biowein.be\/web\/wp-content\/uploads\/2019\/08\/biowein-weingueter-bodegas_ramon_saenz02.jpg\" alt=\"\" width=\"604\" height=\"453\" srcset=\"https:\/\/www.biowein.be\/web\/wp-content\/uploads\/2019\/08\/biowein-weingueter-bodegas_ramon_saenz02.jpg 604w, https:\/\/www.biowein.be\/web\/wp-content\/uploads\/2019\/08\/biowein-weingueter-bodegas_ramon_saenz02-300x225.jpg 300w, https:\/\/www.biowein.be\/web\/wp-content\/uploads\/2019\/08\/biowein-weingueter-bodegas_ramon_saenz02-600x450.jpg 600w, https:\/\/www.biowein.be\/web\/wp-content\/uploads\/2019\/08\/biowein-weingueter-bodegas_ramon_saenz02-150x113.jpg 150w\" sizes=\"auto, (max-width: 604px) 100vw, 604px\" \/>[\/vc_column_text][vc_separator css=&#8221;.vc_custom_1570798883354{margin-top: 0px !important;margin-bottom: 0px !important;padding-top: 20px !important;padding-bottom: 20px !important;}&#8221;]<div class=\"category_products product-grid\"><div class=\"woocommerce columns-6 \"><div class=\"shop-products row grid-view\"><div class=\" item-col col-12 col-full-hd col-md-2 has-product-bg post-1811 product type-product status-publish has-post-thumbnail product_cat-bodegas-ramon-saenz product_cat-news01 product_cat-probierpakete-03-c product_cat-rioja product_cat-rot product_cat-spanien first instock shipping-taxable purchasable product-type-simple\">\n\t<div class=\"product-wrapper gridview\">\n\t\t<div class=\"list-col4\">\n\t\t\t<div class=\"product-image\">\n\t\t\t\t<a href=\"https:\/\/www.biowein.be\/web\/product\/bodegas-ramon-saenz-cimadago-2014\/\" class=\"woocommerce-LoopProduct-link woocommerce-loop-product__link\">\t\t\t\t<img loading=\"lazy\" decoding=\"async\" width=\"300\" height=\"300\" src=\"https:\/\/www.biowein.be\/web\/wp-content\/uploads\/2019\/04\/biowein-be-0102-bodegas_ramon_saenz-cimadago_2014-300x300.jpg\" class=\"attachment-woocommerce_thumbnail size-woocommerce_thumbnail\" alt=\"Bodegas Ramon Saenz: Cimadago 2019\/2020\" srcset=\"https:\/\/www.biowein.be\/web\/wp-content\/uploads\/2019\/04\/biowein-be-0102-bodegas_ramon_saenz-cimadago_2014-300x300.jpg 300w, https:\/\/www.biowein.be\/web\/wp-content\/uploads\/2019\/04\/biowein-be-0102-bodegas_ramon_saenz-cimadago_2014-150x150.jpg 150w\" sizes=\"auto, (max-width: 300px) 100vw, 300px\" \/>\t\t\t\t<\/a>\t\t\t\t<div class=\"count-down\">\n\t\t\t\t\t\t\t\t\t\t\t\t\t\t<\/div>\n\t\t\t\t<div class=\"product-button\">\n\t\t\t\t\t<ul class=\"actions\">\n\t\t\t\t\t\t<li class=\"add-to-wishlist\"> \n\t\t\t\t\t\t\t\t\t\t\t\t\t<\/li>\n\t\t\t\t\t\t<li class=\"add-to-compare\">\n\t\t\t\t\t\t\t\t<div class=\"woocommerce product compare-button\">\r\n\t\t\t<a\r\n\t\thref=\"https:\/\/www.biowein.be\/web?action=yith-woocompare-add-product&#038;id=1811\"\r\n\t\tclass=\"compare button  \"\r\n\t\tdata-product_id=\"1811\"\r\n\t\ttarget=\"_self\"\r\n\t\trel=\"nofollow\"\r\n\t>\r\n\t\t\t\t<span class=\"label\">\r\n\t\t\tCompare\t\t<\/span>\r\n\t<\/a>\r\n\r\n\t<\/div>\t\t\t\t\t\t<\/li>\n\t\t\t\t\t\t<li class=\"quickviewbtn\">\n\t\t\t\t\t\t\t<a class=\"detail-link quickview fa fa-external-link\" data-quick-id=\"1811\" href=\"https:\/\/www.biowein.be\/web\/product\/bodegas-ramon-saenz-cimadago-2014\/\" title=\"Bodegas Ramon Saenz: Cimadago 2019\/2020\">Quick View<\/a>\n\t\t\t\t\t\t<\/li>\n\t\t\t\t\t<\/ul>\n\t\t\t\t<\/div>\n\t\t\t<\/div>\n\t\t<\/div>\n\t\t<div class=\"list-col8\">\n\t\t\t<div class=\"product-name\">\n\t\t\t\t<h2 class=\"woocommerce-loop-product__title\">Bodegas Ramon Saenz: Cimadago 2019\/2020<\/h2>\t\t\t\t<a href=\"https:\/\/www.biowein.be\/web\/product\/bodegas-ramon-saenz-cimadago-2014\/\">Bodegas Ramon Saenz: Cimadago 2019\/2020<\/a>\n\t\t\t<\/div>\n\t\t\t\t\t\t<!-- hook rating -->\n\t\t\t\t\t\t\t<div class=\"price-box\">\n\t\t\t\t\t<div class=\"price-box-inner\">\n\t\t\t\t\t\t<span class=\"woocommerce-Price-amount amount\"><bdi>14.00<span class=\"woocommerce-Price-currencySymbol\">&euro;<\/span><\/bdi><\/span>\t\t\t\t\t<\/div>\n\t\t\t\t<\/div>\n\t\t\t\t\t\t<!-- end price -->\n\t\t\t<div class=\"add-to-cart\">\n\t\t\t\t<p class=\"product woocommerce add_to_cart_inline \" style=\"border:4px solid #ccc; padding: 12px;\"><span class=\"woocommerce-Price-amount amount\"><bdi>14.00<span class=\"woocommerce-Price-currencySymbol\">&euro;<\/span><\/bdi><\/span><a href=\"\/web\/wp-json\/wp\/v2\/pages\/2054?add-to-cart=1811\" aria-describedby=\"woocommerce_loop_add_to_cart_link_describedby_1811\" data-quantity=\"1\" class=\"button product_type_simple add_to_cart_button ajax_add_to_cart\" data-product_id=\"1811\" data-product_sku=\"\" aria-label=\"In den Warenkorb legen: \u201eBodegas Ramon Saenz: Cimadago 2019\/2020\u201c\" rel=\"nofollow\" data-success_message=\"\u201eBodegas Ramon Saenz: Cimadago 2019\/2020\u201c wurde deinem Warenkorb hinzugef\u00fcgt\" role=\"button\">In den Warenkorb<\/a>\t<span id=\"woocommerce_loop_add_to_cart_link_describedby_1811\" class=\"screen-reader-text\">\n\t\t\t<\/span>\n<\/p>\t\t\t<\/div>\n\t\t<\/div>\n\t<\/div>\n\t<div class=\"product-wrapper listview\">\n\t\t<div class=\"row\">\n\t\t\t<div class=\"list-col4 \">\n\t\t\t\t<div class=\"product-image\">\n\t\t\t\t\t<a href=\"https:\/\/www.biowein.be\/web\/product\/bodegas-ramon-saenz-cimadago-2014\/\" class=\"woocommerce-LoopProduct-link woocommerce-loop-product__link\">\t\t\t\t\t<img loading=\"lazy\" decoding=\"async\" width=\"300\" height=\"300\" src=\"https:\/\/www.biowein.be\/web\/wp-content\/uploads\/2019\/04\/biowein-be-0102-bodegas_ramon_saenz-cimadago_2014-300x300.jpg\" class=\"attachment-woocommerce_thumbnail size-woocommerce_thumbnail\" alt=\"Bodegas Ramon Saenz: Cimadago 2019\/2020\" srcset=\"https:\/\/www.biowein.be\/web\/wp-content\/uploads\/2019\/04\/biowein-be-0102-bodegas_ramon_saenz-cimadago_2014-300x300.jpg 300w, https:\/\/www.biowein.be\/web\/wp-content\/uploads\/2019\/04\/biowein-be-0102-bodegas_ramon_saenz-cimadago_2014-150x150.jpg 150w\" sizes=\"auto, (max-width: 300px) 100vw, 300px\" \/>\t\t\t\t\t<\/a>\t\t\t\t<\/div>\n\t\t\t<\/div>\n\t\t\t<div class=\"list-col8 \">\n\t\t\t\t<div class=\"product-category\">\n\t\t\t\t\t<a href=\"https:\/\/www.biowein.be\/web\/product-category\/weingut\/bodegas-ramon-saenz\/\" rel=\"tag\">Bodegas Ramon Saenz<\/a>, <a href=\"https:\/\/www.biowein.be\/web\/product-category\/news01\/\" rel=\"tag\">News01<\/a>, <a href=\"https:\/\/www.biowein.be\/web\/product-category\/probierpakete-03-c\/\" rel=\"tag\">Probierpakete-03-C<\/a>, <a href=\"https:\/\/www.biowein.be\/web\/product-category\/region\/rioja\/\" rel=\"tag\">Rioja<\/a>, <a href=\"https:\/\/www.biowein.be\/web\/product-category\/farbe\/rot\/\" rel=\"tag\">Rot<\/a>, <a href=\"https:\/\/www.biowein.be\/web\/product-category\/land\/spanien\/\" rel=\"tag\">Spanien<\/a>\t\t\t\t<\/div>\n\t\t\t\t<div class=\"product-name\">\n\t\t\t\t\t<h2 class=\"woocommerce-loop-product__title\">Bodegas Ramon Saenz: Cimadago 2019\/2020<\/h2>\t\t\t\t\t<a href=\"https:\/\/www.biowein.be\/web\/product\/bodegas-ramon-saenz-cimadago-2014\/\">Bodegas Ramon Saenz: Cimadago 2019\/2020<\/a>\n\t\t\t\t<\/div>\n\t\t\t\t\t\t\t\t<!-- hook rating -->\n\t\t\t\t\t\t\t\t\t<div class=\"price-box\">\n\t\t\t\t\t\t<div class=\"price-box-inner\">\n\t\t\t\t\t\t\t<span class=\"woocommerce-Price-amount amount\"><bdi>14.00<span class=\"woocommerce-Price-currencySymbol\">&euro;<\/span><\/bdi><\/span>\t\t\t\t\t\t<\/div>\n\t\t\t\t\t<\/div>\n\t\t\t\t\t\t\t\t<!-- end price -->\n\t\t\t\t\t\t\t\t\t<div class=\"product-desc\">\n\t\t\t\t\t\t<p><u>Anbaugebiet<\/u> : Rioja<\/p>\n<p><u>Rebsorten<\/u> : 80 % Tempranillo, je 10 % Grenache und Graciano, angepflanzt 1981<\/p>\n<p><u>Kelterung<\/u> : Die Handernte findet in 20 kg Kisten Ende September oder Anfang Oktober statt. Spontane Verg\u00e4rung, die Trauben werden nicht entrappt. 12 Monate lange Lagerung in franz\u00f6sischen Barriquef\u00e4ssern und eine lange Flaschenlagerung, bevor der Wein verkauft wird.<\/p>\n<p><u>Boden<\/u> : Lehm- und Kalkboden mit Kiesablagerungen<\/p>\n<p><u>Beschreibung<\/u> : intensif leuchtende Farbe nach dunkler Kirsche. Saftige Aromen und delikate Toastnoten. Sehr zug\u00e4nglicher Wein, schmeichelnd am Gaumen, reife Frucht, samtig weiche Tannine und dezente Holznoten.<\/p>\n<p><u>Passt zu<\/u> : mittelkr\u00e4ftigen Gerichten, Gem\u00fcseterrine mit Kr\u00e4uter, leichten Fleischgerichten oder Gegrilltem<\/p>\n\t\t\t\t\t<\/div>\n\t\t\t\t\t\t\t\t<!-- end desc -->\n\t\t\t\t<div class=\"product-button\">\n\t\t\t\t\t<div class=\"add-to-cart\">\n\t\t\t\t\t\t<p class=\"product woocommerce add_to_cart_inline \" style=\"border:4px solid #ccc; padding: 12px;\"><span class=\"woocommerce-Price-amount amount\"><bdi>14.00<span class=\"woocommerce-Price-currencySymbol\">&euro;<\/span><\/bdi><\/span><a href=\"\/web\/wp-json\/wp\/v2\/pages\/2054?add-to-cart=1811\" aria-describedby=\"woocommerce_loop_add_to_cart_link_describedby_1811\" data-quantity=\"1\" class=\"button product_type_simple add_to_cart_button ajax_add_to_cart\" data-product_id=\"1811\" data-product_sku=\"\" aria-label=\"In den Warenkorb legen: \u201eBodegas Ramon Saenz: Cimadago 2019\/2020\u201c\" rel=\"nofollow\" data-success_message=\"\u201eBodegas Ramon Saenz: Cimadago 2019\/2020\u201c wurde deinem Warenkorb hinzugef\u00fcgt\" role=\"button\">In den Warenkorb<\/a>\t<span id=\"woocommerce_loop_add_to_cart_link_describedby_1811\" class=\"screen-reader-text\">\n\t\t\t<\/span>\n<\/p>\t\t\t\t\t<\/div>\n\t\t\t\t\t<ul class=\"actions\">\n\t\t\t\t\t\t<li class=\"add-to-wishlist\"> \n\t\t\t\t\t\t\t\t\t\t\t\t\t<\/li>\n\t\t\t\t\t\t<li class=\"add-to-compare\">\n\t\t\t\t\t\t\t\t<div class=\"woocommerce product compare-button\">\r\n\t\t\t<a\r\n\t\thref=\"https:\/\/www.biowein.be\/web?action=yith-woocompare-add-product&#038;id=1811\"\r\n\t\tclass=\"compare button  \"\r\n\t\tdata-product_id=\"1811\"\r\n\t\ttarget=\"_self\"\r\n\t\trel=\"nofollow\"\r\n\t>\r\n\t\t\t\t<span class=\"label\">\r\n\t\t\tCompare\t\t<\/span>\r\n\t<\/a>\r\n\r\n\t<\/div>\t\t\t\t\t\t<\/li>\n\t\t\t\t\t\t<li class=\"quickviewbtn\">\n\t\t\t\t\t\t\t<a class=\"detail-link quickview fa fa-external-link\" data-quick-id=\"1811\" href=\"https:\/\/www.biowein.be\/web\/product\/bodegas-ramon-saenz-cimadago-2014\/\" title=\"Bodegas Ramon Saenz: Cimadago 2019\/2020\">Quick View<\/a>\n\t\t\t\t\t\t<\/li>\n\t\t\t\t\t<\/ul>\n\t\t\t\t<\/div>\n\t\t\t<\/div>\n\t\t<\/div>\n\t<\/div>\n<\/div>\n<div class=\" item-col col-12 col-full-hd col-md-2 has-product-bg post-1808 product type-product status-publish has-post-thumbnail product_cat-bodegas-ramon-saenz product_cat-news01 product_cat-probierpakete-03-b product_cat-rioja product_cat-rot product_cat-spanien  instock shipping-taxable purchasable product-type-simple\">\n\t<div class=\"product-wrapper gridview\">\n\t\t<div class=\"list-col4\">\n\t\t\t<div class=\"product-image\">\n\t\t\t\t<a href=\"https:\/\/www.biowein.be\/web\/product\/bodegas-ramon-saenz-ramon-saenz-joven-2015\/\" class=\"woocommerce-LoopProduct-link woocommerce-loop-product__link\">\t\t\t\t<img loading=\"lazy\" decoding=\"async\" width=\"300\" height=\"300\" src=\"https:\/\/www.biowein.be\/web\/wp-content\/uploads\/2019\/04\/biowein-be-0101-bodegas_ramon_saenz-ramon_saenz_joven_2015-300x300.jpg\" class=\"attachment-woocommerce_thumbnail size-woocommerce_thumbnail\" alt=\"Bodegas Ramon Saenz: La pasion de vida 2024\" srcset=\"https:\/\/www.biowein.be\/web\/wp-content\/uploads\/2019\/04\/biowein-be-0101-bodegas_ramon_saenz-ramon_saenz_joven_2015-300x300.jpg 300w, https:\/\/www.biowein.be\/web\/wp-content\/uploads\/2019\/04\/biowein-be-0101-bodegas_ramon_saenz-ramon_saenz_joven_2015-150x150.jpg 150w\" sizes=\"auto, (max-width: 300px) 100vw, 300px\" \/>\t\t\t\t<\/a>\t\t\t\t<div class=\"count-down\">\n\t\t\t\t\t\t\t\t\t\t\t\t\t\t<\/div>\n\t\t\t\t<div class=\"product-button\">\n\t\t\t\t\t<ul class=\"actions\">\n\t\t\t\t\t\t<li class=\"add-to-wishlist\"> \n\t\t\t\t\t\t\t\t\t\t\t\t\t<\/li>\n\t\t\t\t\t\t<li class=\"add-to-compare\">\n\t\t\t\t\t\t\t\t<div class=\"woocommerce product compare-button\">\r\n\t\t\t<a\r\n\t\thref=\"https:\/\/www.biowein.be\/web?action=yith-woocompare-add-product&#038;id=1808\"\r\n\t\tclass=\"compare button  \"\r\n\t\tdata-product_id=\"1808\"\r\n\t\ttarget=\"_self\"\r\n\t\trel=\"nofollow\"\r\n\t>\r\n\t\t\t\t<span class=\"label\">\r\n\t\t\tCompare\t\t<\/span>\r\n\t<\/a>\r\n\r\n\t<\/div>\t\t\t\t\t\t<\/li>\n\t\t\t\t\t\t<li class=\"quickviewbtn\">\n\t\t\t\t\t\t\t<a class=\"detail-link quickview fa fa-external-link\" data-quick-id=\"1808\" href=\"https:\/\/www.biowein.be\/web\/product\/bodegas-ramon-saenz-ramon-saenz-joven-2015\/\" title=\"Bodegas Ramon Saenz: La pasion de vida 2024\">Quick View<\/a>\n\t\t\t\t\t\t<\/li>\n\t\t\t\t\t<\/ul>\n\t\t\t\t<\/div>\n\t\t\t<\/div>\n\t\t<\/div>\n\t\t<div class=\"list-col8\">\n\t\t\t<div class=\"product-name\">\n\t\t\t\t<h2 class=\"woocommerce-loop-product__title\">Bodegas Ramon Saenz: La pasion de vida 2024<\/h2>\t\t\t\t<a href=\"https:\/\/www.biowein.be\/web\/product\/bodegas-ramon-saenz-ramon-saenz-joven-2015\/\">Bodegas Ramon Saenz: La pasion de vida 2024<\/a>\n\t\t\t<\/div>\n\t\t\t\t\t\t<!-- hook rating -->\n\t\t\t\t\t\t\t<div class=\"price-box\">\n\t\t\t\t\t<div class=\"price-box-inner\">\n\t\t\t\t\t\t<span class=\"woocommerce-Price-amount amount\"><bdi>10.50<span class=\"woocommerce-Price-currencySymbol\">&euro;<\/span><\/bdi><\/span>\t\t\t\t\t<\/div>\n\t\t\t\t<\/div>\n\t\t\t\t\t\t<!-- end price -->\n\t\t\t<div class=\"add-to-cart\">\n\t\t\t\t<p class=\"product woocommerce add_to_cart_inline \" style=\"border:4px solid #ccc; padding: 12px;\"><span class=\"woocommerce-Price-amount amount\"><bdi>10.50<span class=\"woocommerce-Price-currencySymbol\">&euro;<\/span><\/bdi><\/span><a href=\"\/web\/wp-json\/wp\/v2\/pages\/2054?add-to-cart=1808\" aria-describedby=\"woocommerce_loop_add_to_cart_link_describedby_1808\" data-quantity=\"1\" class=\"button product_type_simple add_to_cart_button ajax_add_to_cart\" data-product_id=\"1808\" data-product_sku=\"\" aria-label=\"In den Warenkorb legen: \u201eBodegas Ramon Saenz: La pasion de vida 2024\u201c\" rel=\"nofollow\" data-success_message=\"\u201eBodegas Ramon Saenz: La pasion de vida 2024\u201c wurde deinem Warenkorb hinzugef\u00fcgt\" role=\"button\">In den Warenkorb<\/a>\t<span id=\"woocommerce_loop_add_to_cart_link_describedby_1808\" class=\"screen-reader-text\">\n\t\t\t<\/span>\n<\/p>\t\t\t<\/div>\n\t\t<\/div>\n\t<\/div>\n\t<div class=\"product-wrapper listview\">\n\t\t<div class=\"row\">\n\t\t\t<div class=\"list-col4 \">\n\t\t\t\t<div class=\"product-image\">\n\t\t\t\t\t<a href=\"https:\/\/www.biowein.be\/web\/product\/bodegas-ramon-saenz-ramon-saenz-joven-2015\/\" class=\"woocommerce-LoopProduct-link woocommerce-loop-product__link\">\t\t\t\t\t<img loading=\"lazy\" decoding=\"async\" width=\"300\" height=\"300\" src=\"https:\/\/www.biowein.be\/web\/wp-content\/uploads\/2019\/04\/biowein-be-0101-bodegas_ramon_saenz-ramon_saenz_joven_2015-300x300.jpg\" class=\"attachment-woocommerce_thumbnail size-woocommerce_thumbnail\" alt=\"Bodegas Ramon Saenz: La pasion de vida 2024\" srcset=\"https:\/\/www.biowein.be\/web\/wp-content\/uploads\/2019\/04\/biowein-be-0101-bodegas_ramon_saenz-ramon_saenz_joven_2015-300x300.jpg 300w, https:\/\/www.biowein.be\/web\/wp-content\/uploads\/2019\/04\/biowein-be-0101-bodegas_ramon_saenz-ramon_saenz_joven_2015-150x150.jpg 150w\" sizes=\"auto, (max-width: 300px) 100vw, 300px\" \/>\t\t\t\t\t<\/a>\t\t\t\t<\/div>\n\t\t\t<\/div>\n\t\t\t<div class=\"list-col8 \">\n\t\t\t\t<div class=\"product-category\">\n\t\t\t\t\t<a href=\"https:\/\/www.biowein.be\/web\/product-category\/weingut\/bodegas-ramon-saenz\/\" rel=\"tag\">Bodegas Ramon Saenz<\/a>, <a href=\"https:\/\/www.biowein.be\/web\/product-category\/news01\/\" rel=\"tag\">News01<\/a>, <a href=\"https:\/\/www.biowein.be\/web\/product-category\/probierpakete-03-b\/\" rel=\"tag\">Probierpakete-03-B<\/a>, <a href=\"https:\/\/www.biowein.be\/web\/product-category\/region\/rioja\/\" rel=\"tag\">Rioja<\/a>, <a href=\"https:\/\/www.biowein.be\/web\/product-category\/farbe\/rot\/\" rel=\"tag\">Rot<\/a>, <a href=\"https:\/\/www.biowein.be\/web\/product-category\/land\/spanien\/\" rel=\"tag\">Spanien<\/a>\t\t\t\t<\/div>\n\t\t\t\t<div class=\"product-name\">\n\t\t\t\t\t<h2 class=\"woocommerce-loop-product__title\">Bodegas Ramon Saenz: La pasion de vida 2024<\/h2>\t\t\t\t\t<a href=\"https:\/\/www.biowein.be\/web\/product\/bodegas-ramon-saenz-ramon-saenz-joven-2015\/\">Bodegas Ramon Saenz: La pasion de vida 2024<\/a>\n\t\t\t\t<\/div>\n\t\t\t\t\t\t\t\t<!-- hook rating -->\n\t\t\t\t\t\t\t\t\t<div class=\"price-box\">\n\t\t\t\t\t\t<div class=\"price-box-inner\">\n\t\t\t\t\t\t\t<span class=\"woocommerce-Price-amount amount\"><bdi>10.50<span class=\"woocommerce-Price-currencySymbol\">&euro;<\/span><\/bdi><\/span>\t\t\t\t\t\t<\/div>\n\t\t\t\t\t<\/div>\n\t\t\t\t\t\t\t\t<!-- end price -->\n\t\t\t\t\t\t\t\t\t<div class=\"product-desc\">\n\t\t\t\t\t\t<p><u>Anbaugebiet <\/u><u><\/u><strong><em><u>:<\/u><\/em><\/strong> Rioja<\/p>\n<p><u>Rebsorten<\/u> : Tempranillo 95% und\u00a0Viura 5%<\/p>\n<p><u>Kelterung<\/u> : Edelstahltank<\/p>\n<p><u>Boden<\/u> : Lehm- und Kalkboden mit Kiesablagerungen<\/p>\n<p><u>Beschreibung:<\/u>\u00a0 Geruch nach Beeren- und Waldboden, leicht fruchtig, aber mit Charakter!<\/p>\n<p><u>passt zu<\/u> :\u00a0einfach mit Freunden auf der Terrasse trinken, passend zu Paella, Pizza, Nudeln oder zu Fleisch, auch gek\u00fchlt zu Fisch\u00a0!!<\/p>\n<p>&nbsp;<\/p>\n<div id=\"ConnectiveDocSignExtentionInstalled\" data-extension-version=\"1.0.4\"><\/div>\n\t\t\t\t\t<\/div>\n\t\t\t\t\t\t\t\t<!-- end desc -->\n\t\t\t\t<div class=\"product-button\">\n\t\t\t\t\t<div class=\"add-to-cart\">\n\t\t\t\t\t\t<p class=\"product woocommerce add_to_cart_inline \" style=\"border:4px solid #ccc; padding: 12px;\"><span class=\"woocommerce-Price-amount amount\"><bdi>10.50<span class=\"woocommerce-Price-currencySymbol\">&euro;<\/span><\/bdi><\/span><a href=\"\/web\/wp-json\/wp\/v2\/pages\/2054?add-to-cart=1808\" aria-describedby=\"woocommerce_loop_add_to_cart_link_describedby_1808\" data-quantity=\"1\" class=\"button product_type_simple add_to_cart_button ajax_add_to_cart\" data-product_id=\"1808\" data-product_sku=\"\" aria-label=\"In den Warenkorb legen: \u201eBodegas Ramon Saenz: La pasion de vida 2024\u201c\" rel=\"nofollow\" data-success_message=\"\u201eBodegas Ramon Saenz: La pasion de vida 2024\u201c wurde deinem Warenkorb hinzugef\u00fcgt\" role=\"button\">In den Warenkorb<\/a>\t<span id=\"woocommerce_loop_add_to_cart_link_describedby_1808\" class=\"screen-reader-text\">\n\t\t\t<\/span>\n<\/p>\t\t\t\t\t<\/div>\n\t\t\t\t\t<ul class=\"actions\">\n\t\t\t\t\t\t<li class=\"add-to-wishlist\"> \n\t\t\t\t\t\t\t\t\t\t\t\t\t<\/li>\n\t\t\t\t\t\t<li class=\"add-to-compare\">\n\t\t\t\t\t\t\t\t<div class=\"woocommerce product compare-button\">\r\n\t\t\t<a\r\n\t\thref=\"https:\/\/www.biowein.be\/web?action=yith-woocompare-add-product&#038;id=1808\"\r\n\t\tclass=\"compare button  \"\r\n\t\tdata-product_id=\"1808\"\r\n\t\ttarget=\"_self\"\r\n\t\trel=\"nofollow\"\r\n\t>\r\n\t\t\t\t<span class=\"label\">\r\n\t\t\tCompare\t\t<\/span>\r\n\t<\/a>\r\n\r\n\t<\/div>\t\t\t\t\t\t<\/li>\n\t\t\t\t\t\t<li class=\"quickviewbtn\">\n\t\t\t\t\t\t\t<a class=\"detail-link quickview fa fa-external-link\" data-quick-id=\"1808\" href=\"https:\/\/www.biowein.be\/web\/product\/bodegas-ramon-saenz-ramon-saenz-joven-2015\/\" title=\"Bodegas Ramon Saenz: La pasion de vida 2024\">Quick View<\/a>\n\t\t\t\t\t\t<\/li>\n\t\t\t\t\t<\/ul>\n\t\t\t\t<\/div>\n\t\t\t<\/div>\n\t\t<\/div>\n\t<\/div>\n<\/div>\n<\/div><\/div><\/div>[\/vc_tta_section][\/vc_tta_accordion][\/vc_column][\/vc_row][vc_row][vc_column][vc_empty_space height=&#8221;100px&#8221;][\/vc_column][\/vc_row]\n<\/section>","protected":false},"excerpt":{"rendered":"<p>[vc_row full_width=&#8221;stretch_row&#8221; css=&#8221;.vc_custom_1557136431190{margin-bottom: 60px !important;}&#8221;][vc_column][vc_tta_accordion active_section=&#8221;0&#8243;][vc_tta_section title=&#8221;Bodegas Ramon Saenz&#8221; tab_id=&#8221;bodegas_ramon_saenz&#8221;][vc_column_text]Rioja Alavesa \u00a0Auf dem \u00fcber 100 Jahre altem Weingut Ramon Saenz werden die Weine traditionsgerecht hergestellt. Aus tiefer \u00dcberzeugung bem\u00fchen sich hier 2 Generationen die Arbeitsweise von Gro\u00dfvater Ces\u00e1reo aufrecht zu halten. Sie tun dies mit Erfolg. Auf 10 Hektar wird<\/p>\n","protected":false},"author":1,"featured_media":0,"parent":2046,"menu_order":0,"comment_status":"closed","ping_status":"closed","template":"","meta":{"footnotes":""},"class_list":["post-2054","page","type-page","status-publish","hentry"],"_links":{"self":[{"href":"https:\/\/www.biowein.be\/web\/wp-json\/wp\/v2\/pages\/2054","targetHints":{"allow":["GET"]}}],"collection":[{"href":"https:\/\/www.biowein.be\/web\/wp-json\/wp\/v2\/pages"}],"about":[{"href":"https:\/\/www.biowein.be\/web\/wp-json\/wp\/v2\/types\/page"}],"author":[{"embeddable":true,"href":"https:\/\/www.biowein.be\/web\/wp-json\/wp\/v2\/users\/1"}],"replies":[{"embeddable":true,"href":"https:\/\/www.biowein.be\/web\/wp-json\/wp\/v2\/comments?post=2054"}],"version-history":[{"count":8,"href":"https:\/\/www.biowein.be\/web\/wp-json\/wp\/v2\/pages\/2054\/revisions"}],"predecessor-version":[{"id":2193,"href":"https:\/\/www.biowein.be\/web\/wp-json\/wp\/v2\/pages\/2054\/revisions\/2193"}],"up":[{"embeddable":true,"href":"https:\/\/www.biowein.be\/web\/wp-json\/wp\/v2\/pages\/2046"}],"wp:attachment":[{"href":"https:\/\/www.biowein.be\/web\/wp-json\/wp\/v2\/media?parent=2054"}],"curies":[{"name":"wp","href":"https:\/\/api.w.org\/{rel}","templated":true}]}}