{"id":2062,"date":"2019-08-26T12:48:52","date_gmt":"2019-08-26T10:48:52","guid":{"rendered":"https:\/\/www.biowein.be\/web\/?page_id=2062"},"modified":"2019-10-11T15:03:18","modified_gmt":"2019-10-11T13:03:18","slug":"arragon","status":"publish","type":"page","link":"https:\/\/www.biowein.be\/web\/weingueter\/spanien\/arragon\/","title":{"rendered":"Arragon"},"content":{"rendered":"<section class=\"wpb-content-wrapper\">[vc_row full_width=&#8221;stretch_row&#8221; css=&#8221;.vc_custom_1557136431190{margin-bottom: 60px !important;}&#8221;][vc_column][vc_tta_accordion active_section=&#8221;0&#8243;][vc_tta_section title=&#8221;Bodegas Uncastellum&#8221; tab_id=&#8221;bodegas_uncastellum&#8221;][vc_column_text]<strong>Ribera del G\u00e1llego-Cinco Villas<\/strong><\/p>\n<p>Dieses Anbaugebiet befindet sich im spanischen Arag\u00f3n. Arag\u00f3n liegt im nord\u00f6stlichen Spanien, zwischen Katalonien und Navarra, die Rebberge reichen von den Ausl\u00e4ufern der Pyren\u00e4en bis ins flache Becken des Ebro. Die Reben von Bodegas Uncastellum umgeben die St\u00e4dte Uncastillo und Sos del Rey Cat\u00f3lico und befinden sich in einer Anbauh\u00f6he von mehr als 700 m \u00fcber dem Meeresspiegel. Es herrschen eher leichte, braune Kalkb\u00f6den, aber auch rotbraune Tonb\u00f6den mit hohem Eisengehalt \u00fcber Felsablagerungen vor. Angebaut werden klassische Rebsorten wir Tempranillo und Garnacha sowie Cabernet Sauvignon und Merlot. Bodegas Uncastellum praktiziert biologisch zertifizierten Weinanbau.<\/p>\n<p><img loading=\"lazy\" decoding=\"async\" class=\"alignnone size-full wp-image-2064\" src=\"https:\/\/www.biowein.be\/web\/wp-content\/uploads\/2019\/08\/biowein-weingueter-bodegas_uncastellum.jpg\" alt=\"\" width=\"501\" height=\"250\" srcset=\"https:\/\/www.biowein.be\/web\/wp-content\/uploads\/2019\/08\/biowein-weingueter-bodegas_uncastellum.jpg 501w, https:\/\/www.biowein.be\/web\/wp-content\/uploads\/2019\/08\/biowein-weingueter-bodegas_uncastellum-300x150.jpg 300w, https:\/\/www.biowein.be\/web\/wp-content\/uploads\/2019\/08\/biowein-weingueter-bodegas_uncastellum-150x75.jpg 150w\" sizes=\"auto, (max-width: 501px) 100vw, 501px\" \/><\/p>\n<p><img loading=\"lazy\" decoding=\"async\" class=\"alignnone size-full wp-image-2066\" src=\"https:\/\/www.biowein.be\/web\/wp-content\/uploads\/2019\/08\/biowein-weingueter-bodegas_uncastellum02.jpg\" alt=\"\" width=\"590\" height=\"171\" srcset=\"https:\/\/www.biowein.be\/web\/wp-content\/uploads\/2019\/08\/biowein-weingueter-bodegas_uncastellum02.jpg 590w, https:\/\/www.biowein.be\/web\/wp-content\/uploads\/2019\/08\/biowein-weingueter-bodegas_uncastellum02-300x87.jpg 300w, https:\/\/www.biowein.be\/web\/wp-content\/uploads\/2019\/08\/biowein-weingueter-bodegas_uncastellum02-150x43.jpg 150w\" sizes=\"auto, (max-width: 590px) 100vw, 590px\" \/>[\/vc_column_text][vc_separator css=&#8221;.vc_custom_1570798956432{margin-top: 0px !important;margin-bottom: 0px !important;padding-top: 20px !important;padding-bottom: 20px !important;}&#8221;]<div class=\"category_products product-grid\"><div class=\"woocommerce columns-6 \"><div class=\"shop-products row grid-view\"><div class=\" item-col col-12 col-full-hd col-md-2 has-product-bg post-847 product type-product status-publish has-post-thumbnail product_cat-arragon product_cat-bodegas-uncastellum product_cat-rot product_cat-spanien first instock shipping-taxable purchasable product-type-simple\">\n\t<div class=\"product-wrapper gridview\">\n\t\t<div class=\"list-col4\">\n\t\t\t<div class=\"product-image\">\n\t\t\t\t<a href=\"https:\/\/www.biowein.be\/web\/product\/bodegas-uncastellum-rex-2009\/\" class=\"woocommerce-LoopProduct-link woocommerce-loop-product__link\">\t\t\t\t<img loading=\"lazy\" decoding=\"async\" width=\"300\" height=\"300\" src=\"https:\/\/www.biowein.be\/web\/wp-content\/uploads\/2018\/11\/biowein-be-0042-bodegas_uncastellum-rex_2009-300x300.jpg\" class=\"attachment-woocommerce_thumbnail size-woocommerce_thumbnail\" alt=\"Bodegas Uncastellum : REX 2009\" srcset=\"https:\/\/www.biowein.be\/web\/wp-content\/uploads\/2018\/11\/biowein-be-0042-bodegas_uncastellum-rex_2009-300x300.jpg 300w, https:\/\/www.biowein.be\/web\/wp-content\/uploads\/2018\/11\/biowein-be-0042-bodegas_uncastellum-rex_2009-150x150.jpg 150w\" sizes=\"auto, (max-width: 300px) 100vw, 300px\" \/>\t\t\t\t<\/a>\t\t\t\t<div class=\"count-down\">\n\t\t\t\t\t\t\t\t\t\t\t\t\t\t<\/div>\n\t\t\t\t<div class=\"product-button\">\n\t\t\t\t\t<ul class=\"actions\">\n\t\t\t\t\t\t<li class=\"add-to-wishlist\"> \n\t\t\t\t\t\t\t\t\t\t\t\t\t<\/li>\n\t\t\t\t\t\t<li class=\"add-to-compare\">\n\t\t\t\t\t\t\t\t<div class=\"woocommerce product compare-button\">\r\n\t\t\t<a\r\n\t\thref=\"https:\/\/www.biowein.be\/web?action=yith-woocompare-add-product&#038;id=847\"\r\n\t\tclass=\"compare button  \"\r\n\t\tdata-product_id=\"847\"\r\n\t\ttarget=\"_self\"\r\n\t\trel=\"nofollow\"\r\n\t>\r\n\t\t\t\t<span class=\"label\">\r\n\t\t\tCompare\t\t<\/span>\r\n\t<\/a>\r\n\r\n\t<\/div>\t\t\t\t\t\t<\/li>\n\t\t\t\t\t\t<li class=\"quickviewbtn\">\n\t\t\t\t\t\t\t<a class=\"detail-link quickview fa fa-external-link\" data-quick-id=\"847\" href=\"https:\/\/www.biowein.be\/web\/product\/bodegas-uncastellum-rex-2009\/\" title=\"Bodegas Uncastellum : REX 2009\">Quick View<\/a>\n\t\t\t\t\t\t<\/li>\n\t\t\t\t\t<\/ul>\n\t\t\t\t<\/div>\n\t\t\t<\/div>\n\t\t<\/div>\n\t\t<div class=\"list-col8\">\n\t\t\t<div class=\"product-name\">\n\t\t\t\t<h2 class=\"woocommerce-loop-product__title\">Bodegas Uncastellum : REX 2009<\/h2>\t\t\t\t<a href=\"https:\/\/www.biowein.be\/web\/product\/bodegas-uncastellum-rex-2009\/\">Bodegas Uncastellum : REX 2009<\/a>\n\t\t\t<\/div>\n\t\t\t\t\t\t<!-- hook rating -->\n\t\t\t\t\t\t\t<div class=\"price-box\">\n\t\t\t\t\t<div class=\"price-box-inner\">\n\t\t\t\t\t\t<span class=\"woocommerce-Price-amount amount\"><bdi>29.50<span class=\"woocommerce-Price-currencySymbol\">&euro;<\/span><\/bdi><\/span>\t\t\t\t\t<\/div>\n\t\t\t\t<\/div>\n\t\t\t\t\t\t<!-- end price -->\n\t\t\t<div class=\"add-to-cart\">\n\t\t\t\t<p class=\"product woocommerce add_to_cart_inline \" style=\"border:4px solid #ccc; padding: 12px;\"><span class=\"woocommerce-Price-amount amount\"><bdi>29.50<span class=\"woocommerce-Price-currencySymbol\">&euro;<\/span><\/bdi><\/span><a href=\"\/web\/wp-json\/wp\/v2\/pages\/2062?add-to-cart=847\" aria-describedby=\"woocommerce_loop_add_to_cart_link_describedby_847\" data-quantity=\"1\" class=\"button product_type_simple add_to_cart_button ajax_add_to_cart\" data-product_id=\"847\" data-product_sku=\"\" aria-label=\"In den Warenkorb legen: \u201eBodegas Uncastellum : REX 2009\u201c\" rel=\"nofollow\" data-success_message=\"\u201eBodegas Uncastellum : REX 2009\u201c wurde deinem Warenkorb hinzugef\u00fcgt\" role=\"button\">In den Warenkorb<\/a>\t<span id=\"woocommerce_loop_add_to_cart_link_describedby_847\" class=\"screen-reader-text\">\n\t\t\t<\/span>\n<\/p>\t\t\t<\/div>\n\t\t<\/div>\n\t<\/div>\n\t<div class=\"product-wrapper listview\">\n\t\t<div class=\"row\">\n\t\t\t<div class=\"list-col4 \">\n\t\t\t\t<div class=\"product-image\">\n\t\t\t\t\t<a href=\"https:\/\/www.biowein.be\/web\/product\/bodegas-uncastellum-rex-2009\/\" class=\"woocommerce-LoopProduct-link woocommerce-loop-product__link\">\t\t\t\t\t<img loading=\"lazy\" decoding=\"async\" width=\"300\" height=\"300\" src=\"https:\/\/www.biowein.be\/web\/wp-content\/uploads\/2018\/11\/biowein-be-0042-bodegas_uncastellum-rex_2009-300x300.jpg\" class=\"attachment-woocommerce_thumbnail size-woocommerce_thumbnail\" alt=\"Bodegas Uncastellum : REX 2009\" srcset=\"https:\/\/www.biowein.be\/web\/wp-content\/uploads\/2018\/11\/biowein-be-0042-bodegas_uncastellum-rex_2009-300x300.jpg 300w, https:\/\/www.biowein.be\/web\/wp-content\/uploads\/2018\/11\/biowein-be-0042-bodegas_uncastellum-rex_2009-150x150.jpg 150w\" sizes=\"auto, (max-width: 300px) 100vw, 300px\" \/>\t\t\t\t\t<\/a>\t\t\t\t<\/div>\n\t\t\t<\/div>\n\t\t\t<div class=\"list-col8 \">\n\t\t\t\t<div class=\"product-category\">\n\t\t\t\t\t<a href=\"https:\/\/www.biowein.be\/web\/product-category\/region\/arragon\/\" rel=\"tag\">Arragon<\/a>, <a href=\"https:\/\/www.biowein.be\/web\/product-category\/weingut\/bodegas-uncastellum\/\" rel=\"tag\">Bodegas Uncastellum<\/a>, <a href=\"https:\/\/www.biowein.be\/web\/product-category\/farbe\/rot\/\" rel=\"tag\">Rot<\/a>, <a href=\"https:\/\/www.biowein.be\/web\/product-category\/land\/spanien\/\" rel=\"tag\">Spanien<\/a>\t\t\t\t<\/div>\n\t\t\t\t<div class=\"product-name\">\n\t\t\t\t\t<h2 class=\"woocommerce-loop-product__title\">Bodegas Uncastellum : REX 2009<\/h2>\t\t\t\t\t<a href=\"https:\/\/www.biowein.be\/web\/product\/bodegas-uncastellum-rex-2009\/\">Bodegas Uncastellum : REX 2009<\/a>\n\t\t\t\t<\/div>\n\t\t\t\t\t\t\t\t<!-- hook rating -->\n\t\t\t\t\t\t\t\t\t<div class=\"price-box\">\n\t\t\t\t\t\t<div class=\"price-box-inner\">\n\t\t\t\t\t\t\t<span class=\"woocommerce-Price-amount amount\"><bdi>29.50<span class=\"woocommerce-Price-currencySymbol\">&euro;<\/span><\/bdi><\/span>\t\t\t\t\t\t<\/div>\n\t\t\t\t\t<\/div>\n\t\t\t\t\t\t\t\t<!-- end price -->\n\t\t\t\t\t\t\t\t\t<div class=\"product-desc\">\n\t\t\t\t\t\t<p><u>Anbaugebiet<\/u> : Aragon<\/p>\n<p><u>Rebsorten<\/u> : je 25 % Tempranillo, Grenache, Merlot und Cabernet-Sauvignon<\/p>\n<p><u>Kelterung<\/u> : Spontane Verg\u00e4rung im Edelstahltank. Anschliessend ein langer Ausbau in teilweise neue franz\u00f6sische und amerikanische Barriquef\u00e4sser. Abf\u00fcllung nach circa 2 Jahren.<\/p>\n<p><u>Boden<\/u> : Lehm- und Kalkboden, S\u00fcdh\u00e4nge von 700 Meter in einer unber\u00fchrten Natur der Pyren\u00e4en<\/p>\n<p><u>Beschreibung<\/u> : Ein exzellenter hochwertiger Wein.<\/p>\n<p>Kr\u00e4ftig, dichtgewoben und konzentriert. Aromen nach reifen, dunklen Fr\u00fcchten wie Brombeere, reife dunkle Pflaumen.<\/p>\n<p>Dieser Wein offenbart ein ausgeglichenes Spiel zwischen seiner Tanninstruktur und seiner fruchtigen Reife. Subtile Holzt\u00f6ne und exzellent eingebundene S\u00e4ure, langes Finale.<\/p>\n<p><u>Passt zu<\/u> : Rindfleisch, Wildgerichte und\u00a0festlichem Essen<\/p>\n<div id=\"ConnectiveDocSignExtentionInstalled\" data-extension-version=\"1.0.4\"><\/div>\n\t\t\t\t\t<\/div>\n\t\t\t\t\t\t\t\t<!-- end desc -->\n\t\t\t\t<div class=\"product-button\">\n\t\t\t\t\t<div class=\"add-to-cart\">\n\t\t\t\t\t\t<p class=\"product woocommerce add_to_cart_inline \" style=\"border:4px solid #ccc; padding: 12px;\"><span class=\"woocommerce-Price-amount amount\"><bdi>29.50<span class=\"woocommerce-Price-currencySymbol\">&euro;<\/span><\/bdi><\/span><a href=\"\/web\/wp-json\/wp\/v2\/pages\/2062?add-to-cart=847\" aria-describedby=\"woocommerce_loop_add_to_cart_link_describedby_847\" data-quantity=\"1\" class=\"button product_type_simple add_to_cart_button ajax_add_to_cart\" data-product_id=\"847\" data-product_sku=\"\" aria-label=\"In den Warenkorb legen: \u201eBodegas Uncastellum : REX 2009\u201c\" rel=\"nofollow\" data-success_message=\"\u201eBodegas Uncastellum : REX 2009\u201c wurde deinem Warenkorb hinzugef\u00fcgt\" role=\"button\">In den Warenkorb<\/a>\t<span id=\"woocommerce_loop_add_to_cart_link_describedby_847\" class=\"screen-reader-text\">\n\t\t\t<\/span>\n<\/p>\t\t\t\t\t<\/div>\n\t\t\t\t\t<ul class=\"actions\">\n\t\t\t\t\t\t<li class=\"add-to-wishlist\"> \n\t\t\t\t\t\t\t\t\t\t\t\t\t<\/li>\n\t\t\t\t\t\t<li class=\"add-to-compare\">\n\t\t\t\t\t\t\t\t<div class=\"woocommerce product compare-button\">\r\n\t\t\t<a\r\n\t\thref=\"https:\/\/www.biowein.be\/web?action=yith-woocompare-add-product&#038;id=847\"\r\n\t\tclass=\"compare button  \"\r\n\t\tdata-product_id=\"847\"\r\n\t\ttarget=\"_self\"\r\n\t\trel=\"nofollow\"\r\n\t>\r\n\t\t\t\t<span class=\"label\">\r\n\t\t\tCompare\t\t<\/span>\r\n\t<\/a>\r\n\r\n\t<\/div>\t\t\t\t\t\t<\/li>\n\t\t\t\t\t\t<li class=\"quickviewbtn\">\n\t\t\t\t\t\t\t<a class=\"detail-link quickview fa fa-external-link\" data-quick-id=\"847\" href=\"https:\/\/www.biowein.be\/web\/product\/bodegas-uncastellum-rex-2009\/\" title=\"Bodegas Uncastellum : REX 2009\">Quick View<\/a>\n\t\t\t\t\t\t<\/li>\n\t\t\t\t\t<\/ul>\n\t\t\t\t<\/div>\n\t\t\t<\/div>\n\t\t<\/div>\n\t<\/div>\n<\/div>\n<\/div><\/div><\/div>[\/vc_tta_section][\/vc_tta_accordion][\/vc_column][\/vc_row][vc_row][vc_column][vc_empty_space height=&#8221;100px&#8221;][\/vc_column][\/vc_row]\n<\/section>","protected":false},"excerpt":{"rendered":"<p>[vc_row full_width=&#8221;stretch_row&#8221; css=&#8221;.vc_custom_1557136431190{margin-bottom: 60px !important;}&#8221;][vc_column][vc_tta_accordion active_section=&#8221;0&#8243;][vc_tta_section title=&#8221;Bodegas Uncastellum&#8221; tab_id=&#8221;bodegas_uncastellum&#8221;][vc_column_text]Ribera del G\u00e1llego-Cinco Villas Dieses Anbaugebiet befindet sich im spanischen Arag\u00f3n. Arag\u00f3n liegt im nord\u00f6stlichen Spanien, zwischen Katalonien und Navarra, die Rebberge reichen von den Ausl\u00e4ufern der Pyren\u00e4en bis ins flache Becken des Ebro. Die Reben von Bodegas Uncastellum umgeben die St\u00e4dte<\/p>\n","protected":false},"author":1,"featured_media":0,"parent":2046,"menu_order":0,"comment_status":"closed","ping_status":"closed","template":"","meta":{"footnotes":""},"class_list":["post-2062","page","type-page","status-publish","hentry"],"_links":{"self":[{"href":"https:\/\/www.biowein.be\/web\/wp-json\/wp\/v2\/pages\/2062","targetHints":{"allow":["GET"]}}],"collection":[{"href":"https:\/\/www.biowein.be\/web\/wp-json\/wp\/v2\/pages"}],"about":[{"href":"https:\/\/www.biowein.be\/web\/wp-json\/wp\/v2\/types\/page"}],"author":[{"embeddable":true,"href":"https:\/\/www.biowein.be\/web\/wp-json\/wp\/v2\/users\/1"}],"replies":[{"embeddable":true,"href":"https:\/\/www.biowein.be\/web\/wp-json\/wp\/v2\/comments?post=2062"}],"version-history":[{"count":5,"href":"https:\/\/www.biowein.be\/web\/wp-json\/wp\/v2\/pages\/2062\/revisions"}],"predecessor-version":[{"id":2194,"href":"https:\/\/www.biowein.be\/web\/wp-json\/wp\/v2\/pages\/2062\/revisions\/2194"}],"up":[{"embeddable":true,"href":"https:\/\/www.biowein.be\/web\/wp-json\/wp\/v2\/pages\/2046"}],"wp:attachment":[{"href":"https:\/\/www.biowein.be\/web\/wp-json\/wp\/v2\/media?parent=2062"}],"curies":[{"name":"wp","href":"https:\/\/api.w.org\/{rel}","templated":true}]}}