{"id":2351,"date":"2020-11-13T13:37:16","date_gmt":"2020-11-13T12:37:16","guid":{"rendered":"https:\/\/www.biowein.be\/web\/?page_id=2351"},"modified":"2020-11-17T12:34:24","modified_gmt":"2020-11-17T11:34:24","slug":"encostas-daire-region-lissabon","status":"publish","type":"page","link":"https:\/\/www.biowein.be\/web\/weingueter\/portugal\/encostas-daire-region-lissabon\/","title":{"rendered":"Encostas d\u2019Aire \u2013 Region Lissabon"},"content":{"rendered":"<section class=\"wpb-content-wrapper\">[vc_row full_width=&#8221;stretch_row&#8221; css=&#8221;.vc_custom_1557136431190{margin-bottom: 60px !important;}&#8221;][vc_column][vc_tta_accordion active_section=&#8221;0&#8243;][vc_tta_section title=&#8221;Quinta do Montalto&#8221; tab_id=&#8221;quinta_do_montalto&#8221;][vc_column_text]<strong>Quinta do Montalto<\/strong><\/p>\n<p>Das Weingut und das landwirtschaftliche Anwesen \u00ab\u00a0Quinta do Montaldo\u00a0\u00bb \u00a0wird seit 1880 in der 5ten Generation durch Andr\u00e9 Gomes Pereira gef\u00fchrt. Auf 50 Hektar befinden sich 15.5 Ha Weinberge, der Rest ist mit Olivenhaine, Obstg\u00e4rten und Wald bepflanzt. Mittlerweile wird auch wieder Gem\u00fcse angebaut. Andr\u00e9s Traum ist es zu einer Poly-Kultur zur\u00fcck zu finden, so wie fr\u00fcher auf dem Gut eine autarke Landwirtschaft existierte mit Tierhaltung, Obstanbau, Oliven, Gem\u00fcse, Getreide und Blumen.<\/p>\n<p>Das Weingut\u00a0befindet sich in die Appellation DO Encostas d\u2019Aire, ein grosses Weinanbaugebiet n\u00f6rdlich von Lissabon. Die angepflanzten, gr\u00f6sstenteils autochtonen portugiesische Rebsorten sind Olho de Lebre, Rabo de Boi, Arinto, Moreno, Castel\u00e3o, Baga, Trincadeire, Touriga Nacional, Fernao Pires und die bekannteren Aragonez\u00a0(Tempranillo), Syrah, Alicante Bouchet, Cabernet-Sauvignon.<\/p>\n<p>Seit 1997 wird biologisch zertifiziert gearbeitet und neben Wein werden Oliven\u00f6l, Marmeladen, Gem\u00fcsekonserven und Essig produziert.[\/vc_column_text][vc_separator css=&#8221;.vc_custom_1570798390288{margin-top: 0px !important;margin-bottom: 0px !important;padding-top: 20px !important;padding-bottom: 20px !important;}&#8221;]<div class=\"category_products product-grid\"><div class=\"woocommerce columns-6 \"><\/div><\/div>[\/vc_tta_section][\/vc_tta_accordion][\/vc_column][\/vc_row][vc_row][vc_column][vc_empty_space height=&#8221;100px&#8221;][\/vc_column][\/vc_row]\n<\/section>","protected":false},"excerpt":{"rendered":"<p>[vc_row full_width=&#8221;stretch_row&#8221; css=&#8221;.vc_custom_1557136431190{margin-bottom: 60px !important;}&#8221;][vc_column][vc_tta_accordion active_section=&#8221;0&#8243;][vc_tta_section title=&#8221;Quinta do Montalto&#8221; tab_id=&#8221;quinta_do_montalto&#8221;][vc_column_text]Quinta do Montalto Das Weingut und das landwirtschaftliche Anwesen \u00ab\u00a0Quinta do Montaldo\u00a0\u00bb \u00a0wird seit 1880 in der 5ten Generation durch Andr\u00e9 Gomes Pereira gef\u00fchrt. Auf 50 Hektar befinden sich 15.5 Ha Weinberge, der Rest ist mit Olivenhaine, Obstg\u00e4rten und Wald bepflanzt.<\/p>\n","protected":false},"author":1,"featured_media":0,"parent":2349,"menu_order":0,"comment_status":"closed","ping_status":"closed","template":"","meta":{"footnotes":""},"class_list":["post-2351","page","type-page","status-publish","hentry"],"_links":{"self":[{"href":"https:\/\/www.biowein.be\/web\/wp-json\/wp\/v2\/pages\/2351","targetHints":{"allow":["GET"]}}],"collection":[{"href":"https:\/\/www.biowein.be\/web\/wp-json\/wp\/v2\/pages"}],"about":[{"href":"https:\/\/www.biowein.be\/web\/wp-json\/wp\/v2\/types\/page"}],"author":[{"embeddable":true,"href":"https:\/\/www.biowein.be\/web\/wp-json\/wp\/v2\/users\/1"}],"replies":[{"embeddable":true,"href":"https:\/\/www.biowein.be\/web\/wp-json\/wp\/v2\/comments?post=2351"}],"version-history":[{"count":5,"href":"https:\/\/www.biowein.be\/web\/wp-json\/wp\/v2\/pages\/2351\/revisions"}],"predecessor-version":[{"id":2389,"href":"https:\/\/www.biowein.be\/web\/wp-json\/wp\/v2\/pages\/2351\/revisions\/2389"}],"up":[{"embeddable":true,"href":"https:\/\/www.biowein.be\/web\/wp-json\/wp\/v2\/pages\/2349"}],"wp:attachment":[{"href":"https:\/\/www.biowein.be\/web\/wp-json\/wp\/v2\/media?parent=2351"}],"curies":[{"name":"wp","href":"https:\/\/api.w.org\/{rel}","templated":true}]}}