{"id":1758,"date":"2019-04-02T11:05:41","date_gmt":"2019-04-02T09:05:41","guid":{"rendered":"https:\/\/www.biowein.be\/web\/?post_type=product&#038;p=1758"},"modified":"2025-12-30T12:21:41","modified_gmt":"2025-12-30T11:21:41","slug":"chateau-fontvertles-restanques-rouge-2016","status":"publish","type":"product","link":"https:\/\/www.biowein.be\/web\/product\/chateau-fontvertles-restanques-rouge-2016\/","title":{"rendered":"Ch\u00e2teau Fontvert: Les Restanques rouge 2021"},"content":{"rendered":"","protected":false},"excerpt":{"rendered":"<p><u>Anbaugebiet:<\/u> Luberon (Provence) AOP<\/p>\n<p><u>Rebsorten:<\/u> 45 % Syrah, 35 % Cinsault, je 10 % Mourv\u00e8dre und Grenache<\/p>\n<p><u>Kelterung:<\/u> kurze Maischeverg\u00e4rung und 12 monatiger Ausbau im Edelstahltank<\/p>\n<p><u>Boden:<\/u> sandiger Lehm- und Kalkboden<\/p>\n<p><u>Beschreibung:<\/u> tief rote Farbe mit violetten Reflexen. Aromen nach roten Fr\u00fcchten, leicht w\u00fcrzig. Finessenreicher Geschmack, rund und fruchtig. Samtig, erdige W\u00fcrze, kalkige Textur, ein Hauch nach Leder.<\/p>\n<p><u>Passt zu:<\/u> provenzalischer K\u00fcche, Charcuterie, helles Fleisch wie Kalb, Schwein und Gefl\u00fcgel<\/p>\n","protected":false},"featured_media":1759,"comment_status":"open","ping_status":"closed","template":"","meta":[],"product_brand":[],"product_cat":[127,64,53,151,159,50],"product_tag":[],"class_list":{"0":"post-1758","1":"product","2":"type-product","3":"status-publish","4":"has-post-thumbnail","6":"product_cat-chateau-fontvert","7":"product_cat-cotes-du-rhone","8":"product_cat-frankreich","9":"product_cat-news01","10":"product_cat-probierpakete-01-b","11":"product_cat-rot","13":"first","14":"instock","15":"shipping-taxable","16":"purchasable","17":"product-type-simple"},"_links":{"self":[{"href":"https:\/\/www.biowein.be\/web\/wp-json\/wp\/v2\/product\/1758","targetHints":{"allow":["GET"]}}],"collection":[{"href":"https:\/\/www.biowein.be\/web\/wp-json\/wp\/v2\/product"}],"about":[{"href":"https:\/\/www.biowein.be\/web\/wp-json\/wp\/v2\/types\/product"}],"replies":[{"embeddable":true,"href":"https:\/\/www.biowein.be\/web\/wp-json\/wp\/v2\/comments?post=1758"}],"wp:featuredmedia":[{"embeddable":true,"href":"https:\/\/www.biowein.be\/web\/wp-json\/wp\/v2\/media\/1759"}],"wp:attachment":[{"href":"https:\/\/www.biowein.be\/web\/wp-json\/wp\/v2\/media?parent=1758"}],"wp:term":[{"taxonomy":"product_brand","embeddable":true,"href":"https:\/\/www.biowein.be\/web\/wp-json\/wp\/v2\/product_brand?post=1758"},{"taxonomy":"product_cat","embeddable":true,"href":"https:\/\/www.biowein.be\/web\/wp-json\/wp\/v2\/product_cat?post=1758"},{"taxonomy":"product_tag","embeddable":true,"href":"https:\/\/www.biowein.be\/web\/wp-json\/wp\/v2\/product_tag?post=1758"}],"curies":[{"name":"wp","href":"https:\/\/api.w.org\/{rel}","templated":true}]}}