{"id":1796,"date":"2019-04-02T11:30:31","date_gmt":"2019-04-02T09:30:31","guid":{"rendered":"https:\/\/www.biowein.be\/web\/?post_type=product&#038;p=1796"},"modified":"2025-12-30T12:16:56","modified_gmt":"2025-12-30T11:16:56","slug":"domaine-du-joncier-lo-rouge-2016-17","status":"publish","type":"product","link":"https:\/\/www.biowein.be\/web\/product\/domaine-du-joncier-lo-rouge-2016-17\/","title":{"rendered":"Domaine du Joncier: L&#8217;O rouge 2019\/2020"},"content":{"rendered":"<p><!--more--><\/p>\n<div id=\"sconnect-is-installed\" style=\"display: none;\">2.15.0.0<\/div>\n<div id=\"ConnectiveDocSignExtentionInstalled\" data-extension-version=\"1.0.4\"><\/div>\n","protected":false},"excerpt":{"rendered":"<p><u>Anbaugebiet:<\/u> C\u00f4tes du Rh\u00f4ne AOP<\/p>\n<p><u>Rebsorten:<\/u> Fast 100 % Grenache, je nach Jahrgang etwas Cinsault und Syrah.<\/p>\n<p><u>Kelterung:<\/u> Der Wein wird gekeltert aus der ersten Ernte der Grenachetrauben, die \u00fcber 60 Jahre alt sind. Spontane Verg\u00e4rung im Betontank und eine nicht zu lange Maischeverg\u00e4rung. Ausbau w\u00e4hrend 8 Monaten im Betontank.<\/p>\n<p><u>Boden:<\/u> Das Plateau befindet sich auf einer H\u00f6he von 120 Meter. Lehm- und Sandboden, \u00fcbers\u00e4t mit gro\u00dfen braunen Kieselsteinen (Galets roul\u00e9s). Kalkpr\u00e4senz in tieferen Lagen.<\/p>\n<p><u>Beschreibung:<\/u> Sehr ausgewogener fruchtbetonter Rotwein.<\/p>\n<p>Lecker, leichte W\u00fcrze und gute Frische im Nachhall. Feine Tannine. Leicht gek\u00fchlt auch sehr angenehm. \u201eDu charme dans la simplicit\u00e9!\u201c<\/p>\n<p><u>Passt zu:<\/u> Wurst- und K\u00e4seplatten. Leichte K\u00fcche, vor allem im Fr\u00fchling und Sommer. Herzhaft gew\u00fcrzte Gem\u00fcseplatten und Terrinen.<\/p>\n<div id=\"sconnect-is-installed\" style=\"display: none;\">2.15.0.0<\/div>\n<div id=\"ConnectiveDocSignExtentionInstalled\" data-extension-version=\"1.0.4\"><\/div>\n","protected":false},"featured_media":1797,"comment_status":"open","ping_status":"closed","template":"","meta":[],"product_brand":[],"product_cat":[167,50,53,54,64,131],"product_tag":[],"class_list":{"0":"post-1796","1":"product","2":"type-product","3":"status-publish","4":"has-post-thumbnail","6":"product_cat-probierpakete-01-a-2","7":"product_cat-rot","8":"product_cat-frankreich","9":"product_cat-news","10":"product_cat-cotes-du-rhone","11":"product_cat-domaine-du-joncier-marine-roussel","13":"first","14":"instock","15":"shipping-taxable","16":"purchasable","17":"product-type-simple"},"_links":{"self":[{"href":"https:\/\/www.biowein.be\/web\/wp-json\/wp\/v2\/product\/1796","targetHints":{"allow":["GET"]}}],"collection":[{"href":"https:\/\/www.biowein.be\/web\/wp-json\/wp\/v2\/product"}],"about":[{"href":"https:\/\/www.biowein.be\/web\/wp-json\/wp\/v2\/types\/product"}],"replies":[{"embeddable":true,"href":"https:\/\/www.biowein.be\/web\/wp-json\/wp\/v2\/comments?post=1796"}],"wp:featuredmedia":[{"embeddable":true,"href":"https:\/\/www.biowein.be\/web\/wp-json\/wp\/v2\/media\/1797"}],"wp:attachment":[{"href":"https:\/\/www.biowein.be\/web\/wp-json\/wp\/v2\/media?parent=1796"}],"wp:term":[{"taxonomy":"product_brand","embeddable":true,"href":"https:\/\/www.biowein.be\/web\/wp-json\/wp\/v2\/product_brand?post=1796"},{"taxonomy":"product_cat","embeddable":true,"href":"https:\/\/www.biowein.be\/web\/wp-json\/wp\/v2\/product_cat?post=1796"},{"taxonomy":"product_tag","embeddable":true,"href":"https:\/\/www.biowein.be\/web\/wp-json\/wp\/v2\/product_tag?post=1796"}],"curies":[{"name":"wp","href":"https:\/\/api.w.org\/{rel}","templated":true}]}}