{"id":1811,"date":"2019-04-02T11:35:44","date_gmt":"2019-04-02T09:35:44","guid":{"rendered":"https:\/\/www.biowein.be\/web\/?post_type=product&#038;p=1811"},"modified":"2025-12-30T12:13:43","modified_gmt":"2025-12-30T11:13:43","slug":"bodegas-ramon-saenz-cimadago-2014","status":"publish","type":"product","link":"https:\/\/www.biowein.be\/web\/product\/bodegas-ramon-saenz-cimadago-2014\/","title":{"rendered":"Bodegas Ramon Saenz: Cimadago 2019\/2020"},"content":{"rendered":"","protected":false},"excerpt":{"rendered":"<p><u>Anbaugebiet<\/u> : Rioja<\/p>\n<p><u>Rebsorten<\/u> : 80 % Tempranillo, je 10 % Grenache und Graciano, angepflanzt 1981<\/p>\n<p><u>Kelterung<\/u> : Die Handernte findet in 20 kg Kisten Ende September oder Anfang Oktober statt. Spontane Verg\u00e4rung, die Trauben werden nicht entrappt. 12 Monate lange Lagerung in franz\u00f6sischen Barriquef\u00e4ssern und eine lange Flaschenlagerung, bevor der Wein verkauft wird.<\/p>\n<p><u>Boden<\/u> : Lehm- und Kalkboden mit Kiesablagerungen<\/p>\n<p><u>Beschreibung<\/u> : intensif leuchtende Farbe nach dunkler Kirsche. Saftige Aromen und delikate Toastnoten. Sehr zug\u00e4nglicher Wein, schmeichelnd am Gaumen, reife Frucht, samtig weiche Tannine und dezente Holznoten.<\/p>\n<p><u>Passt zu<\/u> : mittelkr\u00e4ftigen Gerichten, Gem\u00fcseterrine mit Kr\u00e4uter, leichten Fleischgerichten oder Gegrilltem<\/p>\n","protected":false},"featured_media":1812,"comment_status":"open","ping_status":"closed","template":"","meta":[],"product_brand":[],"product_cat":[148,151,166,99,50,59],"product_tag":[],"class_list":{"0":"post-1811","1":"product","2":"type-product","3":"status-publish","4":"has-post-thumbnail","6":"product_cat-bodegas-ramon-saenz","7":"product_cat-news01","8":"product_cat-probierpakete-03-c","9":"product_cat-rioja","10":"product_cat-rot","11":"product_cat-spanien","13":"first","14":"instock","15":"shipping-taxable","16":"purchasable","17":"product-type-simple"},"_links":{"self":[{"href":"https:\/\/www.biowein.be\/web\/wp-json\/wp\/v2\/product\/1811","targetHints":{"allow":["GET"]}}],"collection":[{"href":"https:\/\/www.biowein.be\/web\/wp-json\/wp\/v2\/product"}],"about":[{"href":"https:\/\/www.biowein.be\/web\/wp-json\/wp\/v2\/types\/product"}],"replies":[{"embeddable":true,"href":"https:\/\/www.biowein.be\/web\/wp-json\/wp\/v2\/comments?post=1811"}],"wp:featuredmedia":[{"embeddable":true,"href":"https:\/\/www.biowein.be\/web\/wp-json\/wp\/v2\/media\/1812"}],"wp:attachment":[{"href":"https:\/\/www.biowein.be\/web\/wp-json\/wp\/v2\/media?parent=1811"}],"wp:term":[{"taxonomy":"product_brand","embeddable":true,"href":"https:\/\/www.biowein.be\/web\/wp-json\/wp\/v2\/product_brand?post=1811"},{"taxonomy":"product_cat","embeddable":true,"href":"https:\/\/www.biowein.be\/web\/wp-json\/wp\/v2\/product_cat?post=1811"},{"taxonomy":"product_tag","embeddable":true,"href":"https:\/\/www.biowein.be\/web\/wp-json\/wp\/v2\/product_tag?post=1811"}],"curies":[{"name":"wp","href":"https:\/\/api.w.org\/{rel}","templated":true}]}}