{"id":1820,"date":"2019-04-02T11:38:41","date_gmt":"2019-04-02T09:38:41","guid":{"rendered":"https:\/\/www.biowein.be\/web\/?post_type=product&#038;p=1820"},"modified":"2020-10-14T10:17:08","modified_gmt":"2020-10-14T08:17:08","slug":"matthias-hager-riesling-terrassen-2017","status":"publish","type":"product","link":"https:\/\/www.biowein.be\/web\/product\/matthias-hager-riesling-terrassen-2017\/","title":{"rendered":"Matthias Hager : Riesling &#8211; Terrassen 2018"},"content":{"rendered":"","protected":false},"excerpt":{"rendered":"<p><u>Anbaugebiet<\/u> : Kamptal (n\u00f6rdlich der Wachau und Krems)<\/p>\n<p><u>Rebsorten<\/u> : Riesling &#8211; \u00fcber 25 Jahre alte Rebst\u00f6cke aus H\u00f6henlagen bis zu 300 Meter<\/p>\n<p><u>Kelterung<\/u> : Spontane Verg\u00e4rung im Edelstahltank<\/p>\n<p><u>Boden<\/u> : Steiniger Schiefer- und Lehmboden<\/p>\n<p><u>Beschreibung<\/u> : Wertvoller Riesling aus dem Kamptal.<\/p>\n<p>Zitrus- und florale Noten nach Limone, gr\u00fcner Apfel, Pfirsich, Noten von Banane und wei\u00dfen Bl\u00fcten. Sch\u00f6ne goldgelbe Farbe, \u00fcberraschend fruchtig, subtile gut eingebundene S\u00e4ure, sehr ausgewogen, mineralisch und saftig im Abgang.<\/p>\n<p><u>Passt zu<\/u> : Meeresfr\u00fcchten, Thai-Curry, Gefl\u00fcgel und Schweinefleisch<\/p>\n<p>&nbsp;<\/p>\n","protected":false},"featured_media":1821,"comment_status":"open","ping_status":"closed","template":"","meta":[],"product_brand":[],"product_cat":[63,150,145,67],"product_tag":[],"class_list":{"0":"post-1820","1":"product","2":"type-product","3":"status-publish","4":"has-post-thumbnail","6":"product_cat-oesterreich","7":"product_cat-wachau","8":"product_cat-weingut-matthias-hager","9":"product_cat-weiss","11":"first","12":"instock","13":"shipping-taxable","14":"purchasable","15":"product-type-simple"},"_links":{"self":[{"href":"https:\/\/www.biowein.be\/web\/wp-json\/wp\/v2\/product\/1820","targetHints":{"allow":["GET"]}}],"collection":[{"href":"https:\/\/www.biowein.be\/web\/wp-json\/wp\/v2\/product"}],"about":[{"href":"https:\/\/www.biowein.be\/web\/wp-json\/wp\/v2\/types\/product"}],"replies":[{"embeddable":true,"href":"https:\/\/www.biowein.be\/web\/wp-json\/wp\/v2\/comments?post=1820"}],"wp:featuredmedia":[{"embeddable":true,"href":"https:\/\/www.biowein.be\/web\/wp-json\/wp\/v2\/media\/1821"}],"wp:attachment":[{"href":"https:\/\/www.biowein.be\/web\/wp-json\/wp\/v2\/media?parent=1820"}],"wp:term":[{"taxonomy":"product_brand","embeddable":true,"href":"https:\/\/www.biowein.be\/web\/wp-json\/wp\/v2\/product_brand?post=1820"},{"taxonomy":"product_cat","embeddable":true,"href":"https:\/\/www.biowein.be\/web\/wp-json\/wp\/v2\/product_cat?post=1820"},{"taxonomy":"product_tag","embeddable":true,"href":"https:\/\/www.biowein.be\/web\/wp-json\/wp\/v2\/product_tag?post=1820"}],"curies":[{"name":"wp","href":"https:\/\/api.w.org\/{rel}","templated":true}]}}