{"id":1832,"date":"2019-04-02T11:41:45","date_gmt":"2019-04-02T09:41:45","guid":{"rendered":"https:\/\/www.biowein.be\/web\/?post_type=product&#038;p=1832"},"modified":"2025-12-30T12:07:42","modified_gmt":"2025-12-30T11:07:42","slug":"georg-schmelzer-zweigelt-2015","status":"publish","type":"product","link":"https:\/\/www.biowein.be\/web\/product\/georg-schmelzer-zweigelt-2015\/","title":{"rendered":"Georg Schmelzer: Zweigelt 2021"},"content":{"rendered":"","protected":false},"excerpt":{"rendered":"<p><u>Anbaugebiet<\/u> : Neusiedlersee &#8211; Burgenland<\/p>\n<p>Hei\u00dfe und trockene Sommer, kalter Winter, h\u00e4ufig starker Wind. Der Neusiedlersee gibt dem Gebiet dieses spezielle Mikroklima.<\/p>\n<p><u>Rebsorten<\/u> : Zweigelt<\/p>\n<p><u>Kelterung<\/u> : Handlese, gerebelt, nicht gepresst, sondern es wird nur der Seihmost verwendet. Verg\u00e4rung auf der Maische. Es wird keine Reinzuchthefe zugef\u00fcgt, sondern nur mit der eigenen Wildhefe der Trauben vergoren. 12 Monate Reifung auf der feinen Hefe in gro\u00dfen Akazienf\u00e4ssern (2500 Liter), ohne Schwefel und nicht filtriert in die Flasche gef\u00fcllt.<\/p>\n<p><u>Boden<\/u> : Der Zweigelt w\u00e4chst auf 3 Bodentypen\u00a0: Lehm, Kies und Sand.<\/p>\n<p>Der Winzer nimmt die besten Trauben von jedem Weingarten und vereint diese zu einem vielschichtigen Wein.<\/p>\n<p><u>Beschreibung<\/u> : Noten von dunklen Beeren und Kakao. Straffes Tannin, feine S\u00e4ure, samtige Textur. Langer gehaltvoller Abgang.<\/p>\n<p><u>Passt zu<\/u> : Dieser Wein ist ein wunderbarer Speisenbegleiter zu rotem Fleisch.<\/p>\n<p>Vor dem \u00d6ffnen die Flasche 3 x umdrehen !!!<\/p>\n<p>&nbsp;<\/p>\n","protected":false},"featured_media":1833,"comment_status":"open","ping_status":"closed","template":"","meta":[],"product_brand":[],"product_cat":[116,63,50,143],"product_tag":[],"class_list":{"0":"post-1832","1":"product","2":"type-product","3":"status-publish","4":"has-post-thumbnail","6":"product_cat-neusiedlersee","7":"product_cat-oesterreich","8":"product_cat-rot","9":"product_cat-weingut-georg-schmelzer","11":"first","12":"instock","13":"shipping-taxable","14":"purchasable","15":"product-type-simple"},"_links":{"self":[{"href":"https:\/\/www.biowein.be\/web\/wp-json\/wp\/v2\/product\/1832","targetHints":{"allow":["GET"]}}],"collection":[{"href":"https:\/\/www.biowein.be\/web\/wp-json\/wp\/v2\/product"}],"about":[{"href":"https:\/\/www.biowein.be\/web\/wp-json\/wp\/v2\/types\/product"}],"replies":[{"embeddable":true,"href":"https:\/\/www.biowein.be\/web\/wp-json\/wp\/v2\/comments?post=1832"}],"wp:featuredmedia":[{"embeddable":true,"href":"https:\/\/www.biowein.be\/web\/wp-json\/wp\/v2\/media\/1833"}],"wp:attachment":[{"href":"https:\/\/www.biowein.be\/web\/wp-json\/wp\/v2\/media?parent=1832"}],"wp:term":[{"taxonomy":"product_brand","embeddable":true,"href":"https:\/\/www.biowein.be\/web\/wp-json\/wp\/v2\/product_brand?post=1832"},{"taxonomy":"product_cat","embeddable":true,"href":"https:\/\/www.biowein.be\/web\/wp-json\/wp\/v2\/product_cat?post=1832"},{"taxonomy":"product_tag","embeddable":true,"href":"https:\/\/www.biowein.be\/web\/wp-json\/wp\/v2\/product_tag?post=1832"}],"curies":[{"name":"wp","href":"https:\/\/api.w.org\/{rel}","templated":true}]}}