{"id":1835,"date":"2019-04-02T11:43:03","date_gmt":"2019-04-02T09:43:03","guid":{"rendered":"https:\/\/www.biowein.be\/web\/?post_type=product&#038;p=1835"},"modified":"2025-12-30T12:06:38","modified_gmt":"2025-12-30T11:06:38","slug":"birgit-braunstein-chardonay-felsenstein-2016-2017","status":"publish","type":"product","link":"https:\/\/www.biowein.be\/web\/product\/birgit-braunstein-chardonay-felsenstein-2016-2017\/","title":{"rendered":"Birgit Braunstein : Chardonay Felsenstein 2023"},"content":{"rendered":"<p>&nbsp;<\/p>\n<div id=\"ConnectiveDocSignExtentionInstalled\" data-extension-version=\"1.0.4\"><\/div>\n","protected":false},"excerpt":{"rendered":"<p><u>Anbaugebiet<\/u> : Burgenland \/ Neusiedlersee<\/p>\n<p><u>Rebsorten<\/u> : Chardonnay<\/p>\n<p><u>Kelterung<\/u> : Spontanverg\u00e4rung im Edelstahltank und 4 monatige Lagerung auf der Feinhefe<\/p>\n<p><u>Boden<\/u> : Reiner Muschelkalkboden<\/p>\n<p>Das Leithagebirge hinter Purbach, wo Schiefer, Muschelkalk und kristalliner Quarz eine perfekte Basis f\u00fcr die Weine sind, und der Neusiedler See mit seinem einzigartigen Mikroklima, geben dem Wein eine besondere Reife und die terroir spezifische Mineralit\u00e4t und Nat\u00fcrlichkeit.<\/p>\n<p>Die frische und k\u00fchle Nachtluft der Hanglagen des Leithagebirges sorgt f\u00fcr Fruchtigkeit, Finesse und Lebendigkeit.<\/p>\n<p><u>Beschreibung<\/u> : Seine exotische Nase nach reifer Ananas, die frische S\u00e4ure und der gehaltvolle K\u00f6rper machen den Chardonnay Felsenstein zum idealen Speisebegleiter.<\/p>\n<p>Bei 8-10\u00b0C in einem gro\u00dfen Burgunderglas zeigt der Chardonnay seine ganze Klasse.<\/p>\n<p><u>Passt zu<\/u> : indischem Currygem\u00fcse, Kaninchenragout mit K\u00fcrbis und Rosinenreis, sowie zu Fisch und Gem\u00fcsegerichten. Ein pures Trinkvergn\u00fcgen !<\/p>\n<div id=\"ConnectiveDocSignExtentionInstalled\" data-extension-version=\"1.0.4\"><\/div>\n","protected":false},"featured_media":1836,"comment_status":"open","ping_status":"closed","template":"","meta":[],"product_brand":[],"product_cat":[67,63,54,116,144],"product_tag":[],"class_list":{"0":"post-1835","1":"product","2":"type-product","3":"status-publish","4":"has-post-thumbnail","6":"product_cat-weiss","7":"product_cat-oesterreich","8":"product_cat-news","9":"product_cat-neusiedlersee","10":"product_cat-weingut-birgit-braunstein","12":"first","13":"instock","14":"shipping-taxable","15":"purchasable","16":"product-type-simple"},"_links":{"self":[{"href":"https:\/\/www.biowein.be\/web\/wp-json\/wp\/v2\/product\/1835","targetHints":{"allow":["GET"]}}],"collection":[{"href":"https:\/\/www.biowein.be\/web\/wp-json\/wp\/v2\/product"}],"about":[{"href":"https:\/\/www.biowein.be\/web\/wp-json\/wp\/v2\/types\/product"}],"replies":[{"embeddable":true,"href":"https:\/\/www.biowein.be\/web\/wp-json\/wp\/v2\/comments?post=1835"}],"wp:featuredmedia":[{"embeddable":true,"href":"https:\/\/www.biowein.be\/web\/wp-json\/wp\/v2\/media\/1836"}],"wp:attachment":[{"href":"https:\/\/www.biowein.be\/web\/wp-json\/wp\/v2\/media?parent=1835"}],"wp:term":[{"taxonomy":"product_brand","embeddable":true,"href":"https:\/\/www.biowein.be\/web\/wp-json\/wp\/v2\/product_brand?post=1835"},{"taxonomy":"product_cat","embeddable":true,"href":"https:\/\/www.biowein.be\/web\/wp-json\/wp\/v2\/product_cat?post=1835"},{"taxonomy":"product_tag","embeddable":true,"href":"https:\/\/www.biowein.be\/web\/wp-json\/wp\/v2\/product_tag?post=1835"}],"curies":[{"name":"wp","href":"https:\/\/api.w.org\/{rel}","templated":true}]}}