{"id":1853,"date":"2019-04-02T11:47:38","date_gmt":"2019-04-02T09:47:38","guid":{"rendered":"https:\/\/www.biowein.be\/web\/?post_type=product&#038;p=1853"},"modified":"2025-12-30T11:51:24","modified_gmt":"2025-12-30T10:51:24","slug":"castello-di-tassarolo-gavi-2017-18","status":"publish","type":"product","link":"https:\/\/www.biowein.be\/web\/product\/castello-di-tassarolo-gavi-2017-18\/","title":{"rendered":"Castello di Tassarolo Gavi 2023"},"content":{"rendered":"<p>&nbsp;<\/p>\n<div id=\"sconnect-is-installed\" style=\"display: none;\">2.15.0.0<\/div>\n<div id=\"ConnectiveDocSignExtentionInstalled\" data-extension-version=\"1.0.4\"><\/div>\n","protected":false},"excerpt":{"rendered":"<p><u>Anbaugebiet <\/u>: Piemont, s\u00fcdlich der Stadt Alessandria<\/p>\n<p>R<u>ebsorten<\/u> : 100 % Cortese di Gavi<\/p>\n<p><u>Kelterung<\/u> : Ernte in 20 kg Kisten, sofortige Pressung und spontane temperaturkontrollierte Verg\u00e4rung im Edelstahltank. Sowohl bei der Verg\u00e4rung als auch bei der Abf\u00fcllung des Weins wird kein Schwefel eingesetzt!<\/p>\n<p><u>Boden<\/u> : Lehm- und L\u00f6ssboden mit einer lebendigen organischen Masse, die aus der Begr\u00fcnung der Weinberge und den Gebrauch von biologisch-dynamischen Pr\u00e4paraten und einem entsprechend produzierten Kompost resultiert. Die Weinberge befinden sich auf 300 Meter.<\/p>\n<p><u>Beschreibung<\/u> : strohgelbe Farbe mit gr\u00fcnlichem Schimmer.Feine runde Aromen nach Orangebl\u00fcten und Kamille. Am Gaumen frisch, lebendig und lang.<\/p>\n<p><u>Passt zu<\/u> : Exzellenter Aperitif, begleitet auch sehr gut leichte internationale Gerichte.Servieren bei 9-10 \u00b0 C.<\/p>\n<div id=\"sconnect-is-installed\" style=\"display: none;\">2.15.0.0<\/div>\n<div id=\"ConnectiveDocSignExtentionInstalled\" data-extension-version=\"1.0.4\"><\/div>\n","protected":false},"featured_media":1854,"comment_status":"open","ping_status":"closed","template":"","meta":[],"product_brand":[],"product_cat":[139,60,103,184,67],"product_tag":[],"class_list":{"0":"post-1853","1":"product","2":"type-product","3":"status-publish","4":"has-post-thumbnail","6":"product_cat-castello-di-tassarolo","7":"product_cat-italien","8":"product_cat-piemont","9":"product_cat-probierpakete-04-e","10":"product_cat-weiss","12":"first","13":"instock","14":"shipping-taxable","15":"purchasable","16":"product-type-simple"},"_links":{"self":[{"href":"https:\/\/www.biowein.be\/web\/wp-json\/wp\/v2\/product\/1853","targetHints":{"allow":["GET"]}}],"collection":[{"href":"https:\/\/www.biowein.be\/web\/wp-json\/wp\/v2\/product"}],"about":[{"href":"https:\/\/www.biowein.be\/web\/wp-json\/wp\/v2\/types\/product"}],"replies":[{"embeddable":true,"href":"https:\/\/www.biowein.be\/web\/wp-json\/wp\/v2\/comments?post=1853"}],"wp:featuredmedia":[{"embeddable":true,"href":"https:\/\/www.biowein.be\/web\/wp-json\/wp\/v2\/media\/1854"}],"wp:attachment":[{"href":"https:\/\/www.biowein.be\/web\/wp-json\/wp\/v2\/media?parent=1853"}],"wp:term":[{"taxonomy":"product_brand","embeddable":true,"href":"https:\/\/www.biowein.be\/web\/wp-json\/wp\/v2\/product_brand?post=1853"},{"taxonomy":"product_cat","embeddable":true,"href":"https:\/\/www.biowein.be\/web\/wp-json\/wp\/v2\/product_cat?post=1853"},{"taxonomy":"product_tag","embeddable":true,"href":"https:\/\/www.biowein.be\/web\/wp-json\/wp\/v2\/product_tag?post=1853"}],"curies":[{"name":"wp","href":"https:\/\/api.w.org\/{rel}","templated":true}]}}