{"id":1868,"date":"2019-04-02T11:51:24","date_gmt":"2019-04-02T09:51:24","guid":{"rendered":"https:\/\/www.biowein.be\/web\/?post_type=product&#038;p=1868"},"modified":"2020-04-14T16:45:09","modified_gmt":"2020-04-14T14:45:09","slug":"la-luna-del-rospo-barbera-d-asti-bricrocche-2015","status":"publish","type":"product","link":"https:\/\/www.biowein.be\/web\/product\/la-luna-del-rospo-barbera-d-asti-bricrocche-2015\/","title":{"rendered":"La Luna del Rospo: Barbera d&#8217; Asti Bricrocche 2015"},"content":{"rendered":"","protected":false},"excerpt":{"rendered":"<p><u>Anbaugebiet<\/u> : Piemont, bei Agliano Terme, in eine der besten Cru-Lagen des Astigiano. DOCG<\/p>\n<p><u>Rebsorten<\/u> : 100 % Barbera<\/p>\n<p><u>Kelterung<\/u> : Spontane Verg\u00e4rung im Edelstahltank, anschlie\u00dfend mindestens 9 Monate in Holzf\u00e4ssern von unterschiedlicher Gr\u00f6\u00dfe. Einige Monate Flaschenlagerung bevor der Wein verkauft wird.<\/p>\n<p><u>Boden<\/u> : Exklusiv Bric Rocche Lage, eine der besten Barberalagen in der Region, in S\u00fcd- und S\u00fcdwestausrichtung. Kalk-, Lehm- und Sandb\u00f6den.<\/p>\n<p><u>Beschreibung<\/u> : Kirschrubinrote Farbe mit violetten Reflexen. Fruchtig, w\u00fcrziges Bukett nach Backpflaumen, Magenbrot und Leder. Angenehme subtile Fruchtnoten. Noch jung, aber ein sehr ausgewogener Wein. Tolle Barbera Typizit\u00e4t, feink\u00f6rniges Tannin, exzellente Struktur und enormes Potential.<\/p>\n<p><u>Passt zu<\/u> : Ossobucco alla Milanese, Polenta, Pecorinok\u00e4se<\/p>\n","protected":false},"featured_media":1869,"comment_status":"open","ping_status":"closed","template":"","meta":[],"product_brand":[],"product_cat":[60,141,103,50],"product_tag":[],"class_list":{"0":"post-1868","1":"product","2":"type-product","3":"status-publish","4":"has-post-thumbnail","6":"product_cat-italien","7":"product_cat-la-luna-del-rospo","8":"product_cat-piemont","9":"product_cat-rot","11":"first","12":"instock","13":"shipping-taxable","14":"purchasable","15":"product-type-simple"},"_links":{"self":[{"href":"https:\/\/www.biowein.be\/web\/wp-json\/wp\/v2\/product\/1868","targetHints":{"allow":["GET"]}}],"collection":[{"href":"https:\/\/www.biowein.be\/web\/wp-json\/wp\/v2\/product"}],"about":[{"href":"https:\/\/www.biowein.be\/web\/wp-json\/wp\/v2\/types\/product"}],"replies":[{"embeddable":true,"href":"https:\/\/www.biowein.be\/web\/wp-json\/wp\/v2\/comments?post=1868"}],"wp:featuredmedia":[{"embeddable":true,"href":"https:\/\/www.biowein.be\/web\/wp-json\/wp\/v2\/media\/1869"}],"wp:attachment":[{"href":"https:\/\/www.biowein.be\/web\/wp-json\/wp\/v2\/media?parent=1868"}],"wp:term":[{"taxonomy":"product_brand","embeddable":true,"href":"https:\/\/www.biowein.be\/web\/wp-json\/wp\/v2\/product_brand?post=1868"},{"taxonomy":"product_cat","embeddable":true,"href":"https:\/\/www.biowein.be\/web\/wp-json\/wp\/v2\/product_cat?post=1868"},{"taxonomy":"product_tag","embeddable":true,"href":"https:\/\/www.biowein.be\/web\/wp-json\/wp\/v2\/product_tag?post=1868"}],"curies":[{"name":"wp","href":"https:\/\/api.w.org\/{rel}","templated":true}]}}