{"id":1871,"date":"2019-04-02T11:52:05","date_gmt":"2019-04-02T09:52:05","guid":{"rendered":"https:\/\/www.biowein.be\/web\/?post_type=product&#038;p=1871"},"modified":"2020-04-14T16:50:27","modified_gmt":"2020-04-14T14:50:27","slug":"la-luna-del-rospo-barbera-d-asti-solo-per-laura-2013","status":"publish","type":"product","link":"https:\/\/www.biowein.be\/web\/product\/la-luna-del-rospo-barbera-d-asti-solo-per-laura-2013\/","title":{"rendered":"La Luna del Rospo: Barbera d&#8217; Asti Solo per Laura 2013"},"content":{"rendered":"","protected":false},"excerpt":{"rendered":"<p><u>Anbaugebiet<\/u> : Piemont, bei Agliano Terme, eine der besten Cru-Lagen des Astigiano. DOCG<\/p>\n<p><u>Rebsorten<\/u> : 100 % Barbera<\/p>\n<p><u>Kelterung<\/u> : Spontane Verg\u00e4rung im Edelstahltank, 10 bis 12 Tage Maischelagerung, anschlie\u00dfend mindestens 10 Monate Ausbau in franz\u00f6sischen Barriquef\u00e4ssern.<\/p>\n<p><u>Boden<\/u> : Die \u00e4ltesten, mindestens 40 Jahre alte Rebst\u00f6cke, befinden sich in S\u00fcd- und S\u00fcdwestausrichtung. Lehm-, Kalk- und Sandb\u00f6den<\/p>\n<p><u>Beschreibung<\/u> : Dies ist der Topwein von La Luna del Rospo &#8211; wunderbarer \u00fcberraschender Barbera.<\/p>\n<p>Tiefe dunkle Farbe mit granatroten Reflexen, Kr\u00e4uteraromen, Pfeffer, S\u00fc\u00dfkirsche und Schattenmorellen.\u00a0 Zartverwoben, filigran mit gro\u00dfer Finesse, extraktreich, konzentriertes, edles und gut eingebundenes Tannin, purer Extrakt. Sehr sauberes, reifes und bestes selektioniertes Lesegut.<\/p>\n<p><u>Passt zu<\/u> : gehobener Piemonteser K\u00fcche, aber auch zu Tr\u00fcffelnudeln, Nudeln mit Fleischsauce und Pilzen, gegrilltem roten Fleisch, Wildschweinebraten, Hartk\u00e4se<\/p>\n<p>&nbsp;<\/p>\n","protected":false},"featured_media":1872,"comment_status":"open","ping_status":"closed","template":"","meta":[],"product_brand":[],"product_cat":[60,141,103,50],"product_tag":[],"class_list":{"0":"post-1871","1":"product","2":"type-product","3":"status-publish","4":"has-post-thumbnail","6":"product_cat-italien","7":"product_cat-la-luna-del-rospo","8":"product_cat-piemont","9":"product_cat-rot","11":"first","12":"instock","13":"shipping-taxable","14":"purchasable","15":"product-type-simple"},"_links":{"self":[{"href":"https:\/\/www.biowein.be\/web\/wp-json\/wp\/v2\/product\/1871","targetHints":{"allow":["GET"]}}],"collection":[{"href":"https:\/\/www.biowein.be\/web\/wp-json\/wp\/v2\/product"}],"about":[{"href":"https:\/\/www.biowein.be\/web\/wp-json\/wp\/v2\/types\/product"}],"replies":[{"embeddable":true,"href":"https:\/\/www.biowein.be\/web\/wp-json\/wp\/v2\/comments?post=1871"}],"wp:featuredmedia":[{"embeddable":true,"href":"https:\/\/www.biowein.be\/web\/wp-json\/wp\/v2\/media\/1872"}],"wp:attachment":[{"href":"https:\/\/www.biowein.be\/web\/wp-json\/wp\/v2\/media?parent=1871"}],"wp:term":[{"taxonomy":"product_brand","embeddable":true,"href":"https:\/\/www.biowein.be\/web\/wp-json\/wp\/v2\/product_brand?post=1871"},{"taxonomy":"product_cat","embeddable":true,"href":"https:\/\/www.biowein.be\/web\/wp-json\/wp\/v2\/product_cat?post=1871"},{"taxonomy":"product_tag","embeddable":true,"href":"https:\/\/www.biowein.be\/web\/wp-json\/wp\/v2\/product_tag?post=1871"}],"curies":[{"name":"wp","href":"https:\/\/api.w.org\/{rel}","templated":true}]}}