{"id":2240,"date":"2019-11-13T09:27:30","date_gmt":"2019-11-13T08:27:30","guid":{"rendered":"https:\/\/www.biowein.be\/web\/?post_type=product&#038;p=2240"},"modified":"2025-12-30T11:49:21","modified_gmt":"2025-12-30T10:49:21","slug":"mathias-hager-gruener-veltliner-mollandsberg-2017","status":"publish","type":"product","link":"https:\/\/www.biowein.be\/web\/product\/mathias-hager-gruener-veltliner-mollandsberg-2017\/","title":{"rendered":"Mathias Hager : Gr\u00fcner Veltliner Mollandsberg 2023"},"content":{"rendered":"<p>&nbsp;<\/p>\n<div id=\"ConnectiveDocSignExtentionInstalled\" data-extension-version=\"1.0.4\"><\/div>\n","protected":false},"excerpt":{"rendered":"<p><u>Anbaugebiet<\/u> : Kamptal (n\u00f6rdlich der Wachau und Krems)<\/p>\n<p><u>Rebsorten<\/u> : Gr\u00fcner Veltliner<\/p>\n<p><u>Kelterung<\/u> : Nach einer spontanen Verg\u00e4rung im Edelstahltank und einer kurzen Lagerung auf der Feinhefe wird der Wein leicht gefiltert und abgef\u00fcllt.<\/p>\n<p><u>Boden<\/u> : Der Gr\u00fcner Veltliner Mollands ist ein Ortswein und w\u00e4chst auf verschiedenen Rieden mit lehmigen Boden und steinigem, l\u00f6sshaltigen Untergrund auf +- 340 Meter Seeh\u00f6he.<\/p>\n<p><u>Beschreibung<\/u> : Die k\u00fchlen N\u00e4chte w\u00e4hrend den hei\u00dfen Sommertagen verhelfen dem Veltliner zu seiner fruchtigen Note. Unser Gr\u00fcner Veltliner Mollands zeigt ein helles, klares strohgelb im Glas. Er duftet sehr vielf\u00e4ltig nach exotischen Fr\u00fcchten wie Mango bis hin zu w\u00fcrzigen Tabaknoten. Er hat einen mittelkr\u00e4ftigen K\u00f6rper, ist erfrischend spritzig bei einem adstringierenden Abgang.<\/p>\n<p><u>Passt zu<\/u> : Er passt hervorragend zur deftigen Jause oder zur typischen \u00f6sterreichischen Hausmannskost (z.B. Schweinebraten, Schnitzel, Fleischkn\u00f6del)<\/p>\n<div id=\"ConnectiveDocSignExtentionInstalled\" data-extension-version=\"1.0.4\"><\/div>\n","protected":false},"featured_media":2359,"comment_status":"open","ping_status":"closed","template":"","meta":[],"product_brand":[],"product_cat":[54,151,63,182,150,145,67],"product_tag":[],"class_list":{"0":"post-2240","1":"product","2":"type-product","3":"status-publish","4":"has-post-thumbnail","6":"product_cat-news","7":"product_cat-news01","8":"product_cat-oesterreich","9":"product_cat-probierpakete-04-c","10":"product_cat-wachau","11":"product_cat-weingut-matthias-hager","12":"product_cat-weiss","14":"first","15":"instock","16":"shipping-taxable","17":"purchasable","18":"product-type-simple"},"_links":{"self":[{"href":"https:\/\/www.biowein.be\/web\/wp-json\/wp\/v2\/product\/2240","targetHints":{"allow":["GET"]}}],"collection":[{"href":"https:\/\/www.biowein.be\/web\/wp-json\/wp\/v2\/product"}],"about":[{"href":"https:\/\/www.biowein.be\/web\/wp-json\/wp\/v2\/types\/product"}],"replies":[{"embeddable":true,"href":"https:\/\/www.biowein.be\/web\/wp-json\/wp\/v2\/comments?post=2240"}],"wp:featuredmedia":[{"embeddable":true,"href":"https:\/\/www.biowein.be\/web\/wp-json\/wp\/v2\/media\/2359"}],"wp:attachment":[{"href":"https:\/\/www.biowein.be\/web\/wp-json\/wp\/v2\/media?parent=2240"}],"wp:term":[{"taxonomy":"product_brand","embeddable":true,"href":"https:\/\/www.biowein.be\/web\/wp-json\/wp\/v2\/product_brand?post=2240"},{"taxonomy":"product_cat","embeddable":true,"href":"https:\/\/www.biowein.be\/web\/wp-json\/wp\/v2\/product_cat?post=2240"},{"taxonomy":"product_tag","embeddable":true,"href":"https:\/\/www.biowein.be\/web\/wp-json\/wp\/v2\/product_tag?post=2240"}],"curies":[{"name":"wp","href":"https:\/\/api.w.org\/{rel}","templated":true}]}}