{"id":2490,"date":"2023-03-29T12:43:56","date_gmt":"2023-03-29T10:43:56","guid":{"rendered":"https:\/\/www.biowein.be\/web\/?post_type=product&#038;p=2490"},"modified":"2023-04-07T10:46:50","modified_gmt":"2023-04-07T08:46:50","slug":"viognier-2021","status":"publish","type":"product","link":"https:\/\/www.biowein.be\/web\/product\/viognier-2021\/","title":{"rendered":"Viognier 2022"},"content":{"rendered":"<p>&nbsp;<\/p>\n<div id=\"ConnectiveDocSignExtentionInstalled\" data-extension-version=\"1.0.4\"><\/div>\n","protected":false},"excerpt":{"rendered":"<p><u>Anbaugebiet:<\/u> IGP Minervois<\/p>\n<p><u>Rebsorten:<\/u> Viognier<u>\u00a0<\/u><\/p>\n<p><u>Kelterung<\/u>\u00a0: Edelstahltank<u>\u00a0<\/u><\/p>\n<p><u>Boden:<\/u> Ton- kalkhaltiger Boden<\/p>\n<p><u>Beschreibung:<\/u> fruchtiger Wein, trocken und vollmundig, Aprikosenaromen<u>\u00a0<\/u><\/p>\n<p><u>Lagerf\u00e4higkeit: <\/u>2-4 Jahre<\/p>\n<p><u>Passt zu:<\/u> ideal als Aperitif, frisch serviert zu Amuse-bouches, Kr\u00e4utersalaten, Salaten mit Zitrusfr\u00fcchten, indischer K\u00fcche, Huhn.<\/p>\n<p>&nbsp;<\/p>\n<div id=\"ConnectiveDocSignExtentionInstalled\" data-extension-version=\"1.0.4\"><\/div>\n","protected":false},"featured_media":2491,"comment_status":"open","ping_status":"closed","template":"","meta":[],"product_brand":[],"product_cat":[193,53,71,67],"product_tag":[],"class_list":{"0":"post-2490","1":"product","2":"type-product","3":"status-publish","4":"has-post-thumbnail","6":"product_cat-domaine-sibille","7":"product_cat-frankreich","8":"product_cat-languedoc","9":"product_cat-weiss","11":"first","12":"instock","13":"shipping-taxable","14":"purchasable","15":"product-type-simple"},"_links":{"self":[{"href":"https:\/\/www.biowein.be\/web\/wp-json\/wp\/v2\/product\/2490","targetHints":{"allow":["GET"]}}],"collection":[{"href":"https:\/\/www.biowein.be\/web\/wp-json\/wp\/v2\/product"}],"about":[{"href":"https:\/\/www.biowein.be\/web\/wp-json\/wp\/v2\/types\/product"}],"replies":[{"embeddable":true,"href":"https:\/\/www.biowein.be\/web\/wp-json\/wp\/v2\/comments?post=2490"}],"wp:featuredmedia":[{"embeddable":true,"href":"https:\/\/www.biowein.be\/web\/wp-json\/wp\/v2\/media\/2491"}],"wp:attachment":[{"href":"https:\/\/www.biowein.be\/web\/wp-json\/wp\/v2\/media?parent=2490"}],"wp:term":[{"taxonomy":"product_brand","embeddable":true,"href":"https:\/\/www.biowein.be\/web\/wp-json\/wp\/v2\/product_brand?post=2490"},{"taxonomy":"product_cat","embeddable":true,"href":"https:\/\/www.biowein.be\/web\/wp-json\/wp\/v2\/product_cat?post=2490"},{"taxonomy":"product_tag","embeddable":true,"href":"https:\/\/www.biowein.be\/web\/wp-json\/wp\/v2\/product_tag?post=2490"}],"curies":[{"name":"wp","href":"https:\/\/api.w.org\/{rel}","templated":true}]}}