{"id":2496,"date":"2023-03-29T12:46:19","date_gmt":"2023-03-29T10:46:19","guid":{"rendered":"https:\/\/www.biowein.be\/web\/?post_type=product&#038;p=2496"},"modified":"2025-12-30T11:43:19","modified_gmt":"2025-12-30T10:43:19","slug":"vin-de-plume-2020","status":"publish","type":"product","link":"https:\/\/www.biowein.be\/web\/product\/vin-de-plume-2020\/","title":{"rendered":"Vin de Plume 2022"},"content":{"rendered":"<p>&nbsp;<\/p>\n<div id=\"ConnectiveDocSignExtentionInstalled\" data-extension-version=\"1.0.4\"><\/div>\n","protected":false},"excerpt":{"rendered":"<p><u>Anbaugebiet:<\/u>\u00a0 AOP Minervois<\/p>\n<p><u>Rebsorten:<\/u> \u00a0Mourv\u00e8dre 80% \/ Syrah 20%<\/p>\n<p><u>Kelterung<\/u>: Von Hand geerntet. Vollst\u00e4ndige Entrappung, Spontanverg\u00e4rung in Rohzementtanks, Ausbau in Edelstahltanks, leichte Filtration.<u>\u00a0<\/u><\/p>\n<p><u>Boden:<\/u> Lehm- Kalkboden<\/p>\n<p><u>Beschreibung:<\/u> Dunkle, purpurrote Farbe mit schwarzen Reflexen.<\/p>\n<p>Die Nase: \u00a0Komplex, elegant, Aromen von Iris, Veilchen, Mandeln, Sauerkirschen und Garrigue.<\/p>\n<p>Im Mund ist der Wein frisch, gro\u00dfz\u00fcgig, fleischig, Noten von Blumen, von roten Fr\u00fcchten, von Gew\u00fcrzen, geschmolzene Tannine, leichter K\u00f6rper, gute Intensit\u00e4t und langer Nachhall.<\/p>\n<p><u>Lagerf\u00e4higkeit: <\/u>5 Jahre<\/p>\n<p><u>Passt zu:<\/u> Gegrilltes rotes Fleisch, helles Fleisch, Brath\u00e4hnchen, K\u00e4se, Desserts mit Schokolade.<\/p>\n<p>&nbsp;<\/p>\n<div id=\"ConnectiveDocSignExtentionInstalled\" data-extension-version=\"1.0.4\"><\/div>\n","protected":false},"featured_media":2497,"comment_status":"open","ping_status":"closed","template":"","meta":[],"product_brand":[],"product_cat":[194,53,71,50],"product_tag":[],"class_list":{"0":"post-2496","1":"product","2":"type-product","3":"status-publish","4":"has-post-thumbnail","6":"product_cat-domaine-somail","7":"product_cat-frankreich","8":"product_cat-languedoc","9":"product_cat-rot","11":"first","12":"instock","13":"shipping-taxable","14":"purchasable","15":"product-type-simple"},"_links":{"self":[{"href":"https:\/\/www.biowein.be\/web\/wp-json\/wp\/v2\/product\/2496","targetHints":{"allow":["GET"]}}],"collection":[{"href":"https:\/\/www.biowein.be\/web\/wp-json\/wp\/v2\/product"}],"about":[{"href":"https:\/\/www.biowein.be\/web\/wp-json\/wp\/v2\/types\/product"}],"replies":[{"embeddable":true,"href":"https:\/\/www.biowein.be\/web\/wp-json\/wp\/v2\/comments?post=2496"}],"wp:featuredmedia":[{"embeddable":true,"href":"https:\/\/www.biowein.be\/web\/wp-json\/wp\/v2\/media\/2497"}],"wp:attachment":[{"href":"https:\/\/www.biowein.be\/web\/wp-json\/wp\/v2\/media?parent=2496"}],"wp:term":[{"taxonomy":"product_brand","embeddable":true,"href":"https:\/\/www.biowein.be\/web\/wp-json\/wp\/v2\/product_brand?post=2496"},{"taxonomy":"product_cat","embeddable":true,"href":"https:\/\/www.biowein.be\/web\/wp-json\/wp\/v2\/product_cat?post=2496"},{"taxonomy":"product_tag","embeddable":true,"href":"https:\/\/www.biowein.be\/web\/wp-json\/wp\/v2\/product_tag?post=2496"}],"curies":[{"name":"wp","href":"https:\/\/api.w.org\/{rel}","templated":true}]}}