{"id":820,"date":"2019-04-02T09:11:42","date_gmt":"2019-04-02T07:11:42","guid":{"rendered":"http:\/\/demo.roadthemes.com\/belly\/product\/import-placeholder-for-821\/"},"modified":"2020-05-04T14:50:59","modified_gmt":"2020-05-04T12:50:59","slug":"chateau-lagarete-cuvee-renaissance-2008","status":"publish","type":"product","link":"https:\/\/www.biowein.be\/web\/product\/chateau-lagarete-cuvee-renaissance-2008\/","title":{"rendered":"Ch\u00e2teau Lagarete: Cuv\u00e9e Renaissance 2008"},"content":{"rendered":"","protected":false},"excerpt":{"rendered":"<p><u>Anbaugebiet<\/u> : Bordeaux<\/p>\n<p><u>Rebsorten<\/u> : je 40 % Cabernet-Sauvignon und Merlot, 20 % Malbec, gepflanzt 1956<\/p>\n<p><u>Kelterung <\/u>: Verg\u00e4rung im Betontank. Ausbau w\u00e4hrend 2 Jahren in gebrauchten Barriquef\u00e4ssern. Anschlie\u00dfend 2 Jahre Flaschenlagerung bevor er zum Verkauf angeboten\u00a0wird.<\/p>\n<p><u>Boden<\/u> : Lehm- und Kalkboden<\/p>\n<p><u>Beschreibung<\/u> : ein klassischer Bordeauxwein. Gute Konzentration in Farbe und Aroma. Komplexe, und volle Frucht, Frische und Lebendigkeit im Abgang.<\/p>\n<p><u>Passt zu<\/u> : Lammgerichte, saftiges Rindersteak<\/p>\n","protected":false},"featured_media":1655,"comment_status":"open","ping_status":"closed","template":"","meta":[],"product_brand":[],"product_cat":[61,138,53,58,50],"product_tag":[],"class_list":{"0":"post-820","1":"product","2":"type-product","3":"status-publish","4":"has-post-thumbnail","6":"product_cat-bordeaux","7":"product_cat-chateau-lagarette","8":"product_cat-frankreich","9":"product_cat-region","10":"product_cat-rot","12":"first","13":"instock","14":"shipping-taxable","15":"purchasable","16":"product-type-simple"},"_links":{"self":[{"href":"https:\/\/www.biowein.be\/web\/wp-json\/wp\/v2\/product\/820","targetHints":{"allow":["GET"]}}],"collection":[{"href":"https:\/\/www.biowein.be\/web\/wp-json\/wp\/v2\/product"}],"about":[{"href":"https:\/\/www.biowein.be\/web\/wp-json\/wp\/v2\/types\/product"}],"replies":[{"embeddable":true,"href":"https:\/\/www.biowein.be\/web\/wp-json\/wp\/v2\/comments?post=820"}],"wp:featuredmedia":[{"embeddable":true,"href":"https:\/\/www.biowein.be\/web\/wp-json\/wp\/v2\/media\/1655"}],"wp:attachment":[{"href":"https:\/\/www.biowein.be\/web\/wp-json\/wp\/v2\/media?parent=820"}],"wp:term":[{"taxonomy":"product_brand","embeddable":true,"href":"https:\/\/www.biowein.be\/web\/wp-json\/wp\/v2\/product_brand?post=820"},{"taxonomy":"product_cat","embeddable":true,"href":"https:\/\/www.biowein.be\/web\/wp-json\/wp\/v2\/product_cat?post=820"},{"taxonomy":"product_tag","embeddable":true,"href":"https:\/\/www.biowein.be\/web\/wp-json\/wp\/v2\/product_tag?post=820"}],"curies":[{"name":"wp","href":"https:\/\/api.w.org\/{rel}","templated":true}]}}