{"id":834,"date":"2019-04-02T09:12:44","date_gmt":"2019-04-02T07:12:44","guid":{"rendered":"http:\/\/demo.roadthemes.com\/belly\/product\/import-placeholder-for-835\/"},"modified":"2022-07-29T10:38:55","modified_gmt":"2022-07-29T08:38:55","slug":"marc-valette-une-et-mille-nuits-2016","status":"publish","type":"product","link":"https:\/\/www.biowein.be\/web\/product\/marc-valette-une-et-mille-nuits-2016\/","title":{"rendered":"Marc Valette : Une et Mille Nuits 2018"},"content":{"rendered":"<p>&nbsp;<\/p>\n<div id=\"ConnectiveDocSignExtentionInstalled\" data-extension-version=\"1.0.4\"><\/div>\n","protected":false},"excerpt":{"rendered":"<p><u>Anbaugebiet:<\/u> Saint Chinian\/ Languedoc AOP<\/p>\n<p><u>Rebsorten:<\/u> Dieser Wein vereint die 5 gro\u00dfen Rebsorten des Languedoc: Grenache, Carignan, Syrah, Mourv\u00e8dre und Cinsault.<\/p>\n<p><u>Kelterung:<\/u> 70 bis 90 Tage Maischeverg\u00e4rung. Ausbau und Reifung zu 50 % in grossen Holzf\u00e4ssern von 400 L w\u00e4hrend 24 Monaten (Demi-Muids). Abf\u00fcllung ohne Schonung und Filterung.<\/p>\n<p><u>Boden:<\/u> Lehm und Kalk in Hanglage von 150 m, Richtung S\u00fcden ausgerichtet.<\/p>\n<p>Das Saint-Chinian Anbaugebiet liegt an den S\u00fcdh\u00e4ngen der Montagne Noir und geniesst ein trockenes, warmes Klima im Sommer mit k\u00fchlen N\u00e4chten und kaltem Winter.<\/p>\n<p><u>Beschreibung:<\/u> Wein von gro\u00dfer Finesse mit Aromen nach Carrigue und wilden Brombeeren. Konzentriert am Gaumen mit gepflegter Tanninenstruktur. Fruchtig-komplex und elegant, tiefgr\u00fcndig.<\/p>\n<p><u>Passt zu:<\/u> Kaninchen-Terrine mit Thymian und eingelegten Tomaten, Gefl\u00fcgel vom gutem Bauernhof, Thunfisch mit Sardellen. Sicher auch zu Lamm mit Carriguekr\u00e4uter\u00a0und Wild.<\/p>\n<div id=\"ConnectiveDocSignExtentionInstalled\" data-extension-version=\"1.0.4\"><\/div>\n","protected":false},"featured_media":1723,"comment_status":"open","ping_status":"closed","template":"","meta":[],"product_brand":[],"product_cat":[125,53,71,176,50],"product_tag":[],"class_list":{"0":"post-834","1":"product","2":"type-product","3":"status-publish","4":"has-post-thumbnail","6":"product_cat-domaine-canet-valette-marc-valette","7":"product_cat-frankreich","8":"product_cat-languedoc","9":"product_cat-probierpakete-02-f","10":"product_cat-rot","12":"first","13":"instock","14":"shipping-taxable","15":"purchasable","16":"product-type-simple"},"_links":{"self":[{"href":"https:\/\/www.biowein.be\/web\/wp-json\/wp\/v2\/product\/834","targetHints":{"allow":["GET"]}}],"collection":[{"href":"https:\/\/www.biowein.be\/web\/wp-json\/wp\/v2\/product"}],"about":[{"href":"https:\/\/www.biowein.be\/web\/wp-json\/wp\/v2\/types\/product"}],"replies":[{"embeddable":true,"href":"https:\/\/www.biowein.be\/web\/wp-json\/wp\/v2\/comments?post=834"}],"wp:featuredmedia":[{"embeddable":true,"href":"https:\/\/www.biowein.be\/web\/wp-json\/wp\/v2\/media\/1723"}],"wp:attachment":[{"href":"https:\/\/www.biowein.be\/web\/wp-json\/wp\/v2\/media?parent=834"}],"wp:term":[{"taxonomy":"product_brand","embeddable":true,"href":"https:\/\/www.biowein.be\/web\/wp-json\/wp\/v2\/product_brand?post=834"},{"taxonomy":"product_cat","embeddable":true,"href":"https:\/\/www.biowein.be\/web\/wp-json\/wp\/v2\/product_cat?post=834"},{"taxonomy":"product_tag","embeddable":true,"href":"https:\/\/www.biowein.be\/web\/wp-json\/wp\/v2\/product_tag?post=834"}],"curies":[{"name":"wp","href":"https:\/\/api.w.org\/{rel}","templated":true}]}}