{"id":850,"date":"2019-04-02T09:11:52","date_gmt":"2019-04-02T07:11:52","guid":{"rendered":"http:\/\/demo.roadthemes.com\/belly\/product\/import-placeholder-for-851\/"},"modified":"2025-12-30T12:53:54","modified_gmt":"2025-12-30T11:53:54","slug":"domaine-la-cabotte-chateauneuf-du-pape-12-13-14","status":"publish","type":"product","link":"https:\/\/www.biowein.be\/web\/product\/domaine-la-cabotte-chateauneuf-du-pape-12-13-14\/","title":{"rendered":"Domaine La Cabotte : Ch\u00e2teauneuf du Pape 2014\/2015"},"content":{"rendered":"<p>&nbsp;<\/p>\n<div id=\"ConnectiveDocSignExtentionInstalled\" data-extension-version=\"1.0.4\"><\/div>\n","protected":false},"excerpt":{"rendered":"<p><u>Anbaugebiet:<\/u> C\u00f4tes du Rh\u00f4ne AOP<\/p>\n<p><u>Rebsorten:<\/u> 70 % Grenache, Mourv\u00e8dre, Syrah, Cinsault, Clairette, Vaccarese und Counoise<\/p>\n<p><u>Kelterung:<\/u> Handernte in 25 kg Kisten. Die besten Grenache- und Syrahtrauben werden nicht entrappt vergoren. Langsame temperaturkontrollierte Verg\u00e4rung. Ein Teil des Weines wird bis zu 18 Monaten im Barriquefa\u00df ausgebaut.<\/p>\n<p><u>Boden:<\/u> Sand- und Lehmboden. An der Oberl\u00e4che gro\u00dfe Kieselsteine auf Mergelsediment.<\/p>\n<p><u>Beschreibung:<\/u> Aromen nach kleinen schwarzen Beeren und Cassis, ein Hauch nach Kirschen. Reichhaltiger kr\u00e4ftiger, w\u00fcrziger und runder Wein mit fein eingebundenen Tanninen.<\/p>\n<p><u>Passt zu:<\/u> Wildgerichten und Rindfleisch, gereiftem K\u00e4se, Lammkeule in Oliven\u00f6l mariniert mit Kr\u00e4uter der Provence.<\/p>\n<div id=\"ConnectiveDocSignExtentionInstalled\" data-extension-version=\"1.0.4\"><\/div>\n","protected":false},"featured_media":1653,"comment_status":"open","ping_status":"closed","template":"","meta":[],"product_brand":[],"product_cat":[64,132,53,50],"product_tag":[],"class_list":{"0":"post-850","1":"product","2":"type-product","3":"status-publish","4":"has-post-thumbnail","6":"product_cat-cotes-du-rhone","7":"product_cat-domaine-la-cabotte-marie-pierre-eric-und-etienne-plumet","8":"product_cat-frankreich","9":"product_cat-rot","11":"first","12":"instock","13":"shipping-taxable","14":"purchasable","15":"product-type-simple"},"_links":{"self":[{"href":"https:\/\/www.biowein.be\/web\/wp-json\/wp\/v2\/product\/850","targetHints":{"allow":["GET"]}}],"collection":[{"href":"https:\/\/www.biowein.be\/web\/wp-json\/wp\/v2\/product"}],"about":[{"href":"https:\/\/www.biowein.be\/web\/wp-json\/wp\/v2\/types\/product"}],"replies":[{"embeddable":true,"href":"https:\/\/www.biowein.be\/web\/wp-json\/wp\/v2\/comments?post=850"}],"wp:featuredmedia":[{"embeddable":true,"href":"https:\/\/www.biowein.be\/web\/wp-json\/wp\/v2\/media\/1653"}],"wp:attachment":[{"href":"https:\/\/www.biowein.be\/web\/wp-json\/wp\/v2\/media?parent=850"}],"wp:term":[{"taxonomy":"product_brand","embeddable":true,"href":"https:\/\/www.biowein.be\/web\/wp-json\/wp\/v2\/product_brand?post=850"},{"taxonomy":"product_cat","embeddable":true,"href":"https:\/\/www.biowein.be\/web\/wp-json\/wp\/v2\/product_cat?post=850"},{"taxonomy":"product_tag","embeddable":true,"href":"https:\/\/www.biowein.be\/web\/wp-json\/wp\/v2\/product_tag?post=850"}],"curies":[{"name":"wp","href":"https:\/\/api.w.org\/{rel}","templated":true}]}}