{"id":853,"date":"2019-04-02T09:12:52","date_gmt":"2019-04-02T07:12:52","guid":{"rendered":"http:\/\/demo.roadthemes.com\/belly\/product\/import-placeholder-for-854\/"},"modified":"2025-12-30T12:25:04","modified_gmt":"2025-12-30T11:25:04","slug":"remi-jalliet-montadou-de-la-feihlo-2015","status":"publish","type":"product","link":"https:\/\/www.biowein.be\/web\/product\/remi-jalliet-montadou-de-la-feihlo-2015\/","title":{"rendered":"R\u00e9mi Jalliet: Montadou de la Feihlo 2016"},"content":{"rendered":"<p>&nbsp;<\/p>\n<div id=\"ConnectiveDocSignExtentionInstalled\" data-extension-version=\"1.0.4\"><\/div>\n","protected":false},"excerpt":{"rendered":"<p><u>Anbaugebiet:<\/u> Corbi\u00e8res AOP<\/p>\n<p><u>Rebsorten:<\/u> 80 % Syrah (50 Jahre alte Rebst\u00f6cke), 10 % Carignan und Grenache ( \u00fcber 100 Jahre alten Rebst\u00f6cke) &#8211; Niedrige Ertr\u00e4ge von 15 bis 20 hl\/ha.<u>\u00a0<\/u><\/p>\n<p><u>Kelterung:<\/u> Verg\u00e4rung und lange Maischelagerung im Edelstahltank, Lagerung und Reifung in 400 L Holzf\u00e4sser.<\/p>\n<p><u>Boden<\/u>: Auf 7 Parzellen verteilen sich bis zu 14 unterschiedliche Bodentypen wie u.a. Schiefer, Gneis, Kalk, wenig Lehmanteil, kantige Kieselsteine,\u2026.<\/p>\n<p>Die Lage befindet sich in einem gesch\u00fctzten Tal in Nord-Ost-Ausrichting mit dem Namen \u00ab\u00a0Montadou de la Feihlo\u00a0\u00bb, was \u00fcbersetzt aus dem Okzitanischen hei\u00dft \u00ab\u00a0H\u00fcgel\/Hang = Montadou und Blatt oder Wald = Feihlo\u00a0\u00bb.<\/p>\n<p><u>Beschreibung:<\/u> ein undurchsichtig, tiefschwarzer Rotwein in einer Konzentration, die selten ist. Tiefgr\u00fcndiges Geschmackserlebnis: vollmundig und dicht und doch elegant am Gaumen mit Noten nach eingekochten Brombeeren und schwarzen Kirschen, einem Hauch nach wei\u00dfem Tabak und S\u00fc\u00dfholz.<\/p>\n<p>Den Wein einige Stunden vor dem Trinken dekantieren, tut ihm gut.<\/p>\n<p><u>Passt zu:<\/u> Lammkotelett mit Garriguekr\u00e4uter und schwarzen Oliven<\/p>\n<div id=\"ConnectiveDocSignExtentionInstalled\" data-extension-version=\"1.0.4\"><\/div>\n","protected":false},"featured_media":1709,"comment_status":"open","ping_status":"closed","template":"","meta":[],"product_brand":[],"product_cat":[50,53,71,123],"product_tag":[],"class_list":{"0":"post-853","1":"product","2":"type-product","3":"status-publish","4":"has-post-thumbnail","6":"product_cat-rot","7":"product_cat-frankreich","8":"product_cat-languedoc","9":"product_cat-domaine-remi-jalliet","11":"first","12":"instock","13":"shipping-taxable","14":"purchasable","15":"product-type-simple"},"_links":{"self":[{"href":"https:\/\/www.biowein.be\/web\/wp-json\/wp\/v2\/product\/853","targetHints":{"allow":["GET"]}}],"collection":[{"href":"https:\/\/www.biowein.be\/web\/wp-json\/wp\/v2\/product"}],"about":[{"href":"https:\/\/www.biowein.be\/web\/wp-json\/wp\/v2\/types\/product"}],"replies":[{"embeddable":true,"href":"https:\/\/www.biowein.be\/web\/wp-json\/wp\/v2\/comments?post=853"}],"wp:featuredmedia":[{"embeddable":true,"href":"https:\/\/www.biowein.be\/web\/wp-json\/wp\/v2\/media\/1709"}],"wp:attachment":[{"href":"https:\/\/www.biowein.be\/web\/wp-json\/wp\/v2\/media?parent=853"}],"wp:term":[{"taxonomy":"product_brand","embeddable":true,"href":"https:\/\/www.biowein.be\/web\/wp-json\/wp\/v2\/product_brand?post=853"},{"taxonomy":"product_cat","embeddable":true,"href":"https:\/\/www.biowein.be\/web\/wp-json\/wp\/v2\/product_cat?post=853"},{"taxonomy":"product_tag","embeddable":true,"href":"https:\/\/www.biowein.be\/web\/wp-json\/wp\/v2\/product_tag?post=853"}],"curies":[{"name":"wp","href":"https:\/\/api.w.org\/{rel}","templated":true}]}}