{"id":857,"date":"2019-04-02T09:10:53","date_gmt":"2019-04-02T07:10:53","guid":{"rendered":"http:\/\/demo.roadthemes.com\/belly\/product\/import-placeholder-for-858\/"},"modified":"2025-12-30T12:52:39","modified_gmt":"2025-12-30T11:52:39","slug":"domaine-la-cabotte-colline-blanc-2017","status":"publish","type":"product","link":"https:\/\/www.biowein.be\/web\/product\/domaine-la-cabotte-colline-blanc-2017\/","title":{"rendered":"Domaine La Cabotte : Colline blanc 2023"},"content":{"rendered":"<p>&nbsp;<\/p>\n<div id=\"sconnect-is-installed\" style=\"display: none;\">2.15.0.0<\/div>\n<div id=\"ConnectiveDocSignExtentionInstalled\" data-extension-version=\"1.0.4\"><\/div>\n","protected":false},"excerpt":{"rendered":"<p><u>Anbaugebiet:<\/u> C\u00f4tes du Rh\u00f4ne AOP<\/p>\n<p><u>Rebsorten:<\/u> Grenache blanc, Clairette und Viognier<\/p>\n<p><u>Kelterung:<\/u> Die Ernte erfolgt fr\u00fch am Morgen. Die Trauben werden gepresst und es findet eine temperaturkontrollierte Verg\u00e4rung im Edelstahltank statt. Abf\u00fcllung im Fr\u00fchling des darauffolgenden Jahres.<\/p>\n<p><u>Boden:<\/u> Lehm- und Sandboden durchmischt von silizium- und kalkhaltigem Sandstein. Die Weinberge sind S\u00fcd\u00a0&#8211; S\u00fcdost ausgerichtet.<\/p>\n<p><u>Beschreibung:<\/u> Aromen nach Birnenbl\u00fcten, wei\u00dfer Pfirsich und Muskatnuss. Lecker fruchtbetont, gleichzeitig straff trocken mit einer frischen Mineralitat und einer ungew\u00f6hnlichen L\u00e4nge am Gaumen.<\/p>\n<p><u>Passt zu:<\/u> als Aperitif, leichte provenzalische K\u00fcche, vegetarische Speisen, Schalentiere, Fisch oder hellem Fleisch<\/p>\n<div id=\"sconnect-is-installed\" style=\"display: none;\">2.15.0.0<\/div>\n<div id=\"ConnectiveDocSignExtentionInstalled\" data-extension-version=\"1.0.4\"><\/div>\n","protected":false},"featured_media":1641,"comment_status":"open","ping_status":"closed","template":"","meta":[],"product_brand":[],"product_cat":[64,132,53,167,67],"product_tag":[],"class_list":{"0":"post-857","1":"product","2":"type-product","3":"status-publish","4":"has-post-thumbnail","6":"product_cat-cotes-du-rhone","7":"product_cat-domaine-la-cabotte-marie-pierre-eric-und-etienne-plumet","8":"product_cat-frankreich","9":"product_cat-probierpakete-01-a-2","10":"product_cat-weiss","12":"first","13":"instock","14":"shipping-taxable","15":"purchasable","16":"product-type-simple"},"_links":{"self":[{"href":"https:\/\/www.biowein.be\/web\/wp-json\/wp\/v2\/product\/857","targetHints":{"allow":["GET"]}}],"collection":[{"href":"https:\/\/www.biowein.be\/web\/wp-json\/wp\/v2\/product"}],"about":[{"href":"https:\/\/www.biowein.be\/web\/wp-json\/wp\/v2\/types\/product"}],"replies":[{"embeddable":true,"href":"https:\/\/www.biowein.be\/web\/wp-json\/wp\/v2\/comments?post=857"}],"wp:featuredmedia":[{"embeddable":true,"href":"https:\/\/www.biowein.be\/web\/wp-json\/wp\/v2\/media\/1641"}],"wp:attachment":[{"href":"https:\/\/www.biowein.be\/web\/wp-json\/wp\/v2\/media?parent=857"}],"wp:term":[{"taxonomy":"product_brand","embeddable":true,"href":"https:\/\/www.biowein.be\/web\/wp-json\/wp\/v2\/product_brand?post=857"},{"taxonomy":"product_cat","embeddable":true,"href":"https:\/\/www.biowein.be\/web\/wp-json\/wp\/v2\/product_cat?post=857"},{"taxonomy":"product_tag","embeddable":true,"href":"https:\/\/www.biowein.be\/web\/wp-json\/wp\/v2\/product_tag?post=857"}],"curies":[{"name":"wp","href":"https:\/\/api.w.org\/{rel}","templated":true}]}}